{"id":1279,"date":"2019-03-22T10:48:54","date_gmt":"2019-03-22T09:48:54","guid":{"rendered":"http:\/\/localhost\/consultax\/?page_id=1279"},"modified":"2023-03-19T16:32:36","modified_gmt":"2023-03-19T15:32:36","slug":"notre-equipe","status":"publish","type":"page","link":"https:\/\/www.elite-capitalgroup.com\/elcam\/en\/notre-equipe\/","title":{"rendered":"Our team"},"content":{"rendered":"<div class=\"wpb-content-wrapper\"><section class=\"wpb_row vc_row-fluid vc_custom_1553506520656\"><div class=\"container\"><div class=\"vc_row\"><div class=\"wpb_column vc_column_container vc_col-sm-12\"><div class=\"vc_column-inner\"><div class=\"wpb_wrapper\"><div class=\"vc_row wpb_row vc_inner vc_row-fluid\"><div class=\"wpb_column vc_column_container vc_col-sm-12\"><div class=\"vc_column-inner\"><div class=\"wpb_wrapper\"><div class=\"vc_empty_space\"   style=\"height: 60px\"><span class=\"vc_empty_space_inner\"><\/span><\/div><\/div><\/div><\/div><\/div><div class=\"vc_row wpb_row vc_inner vc_row-fluid\"><div class=\"wpb_column vc_column_container vc_col-sm-8 vc_col-has-fill\"><div class=\"vc_column-inner vc_custom_1679237560116\"><div class=\"wpb_wrapper\">\n        <div class=\"member-item-3 radius\">\n        <div class=\"avatar\">\n            <img loading=\"lazy\" decoding=\"async\" width=\"2000\" height=\"2000\" src=\"https:\/\/i0.wp.com\/www.elite-capitalgroup.com\/elcam\/wp-content\/uploads\/2023\/03\/Sizeup-Cedric-DALLE-DG-ELCAM.jpg?fit=2000%2C2000&ssl=1\" class=\"attachment-full size-full\" alt=\"\" srcset=\"https:\/\/i0.wp.com\/www.elite-capitalgroup.com\/elcam\/wp-content\/uploads\/2023\/03\/Sizeup-Cedric-DALLE-DG-ELCAM.jpg?w=2000&ssl=1 2000w, https:\/\/i0.wp.com\/www.elite-capitalgroup.com\/elcam\/wp-content\/uploads\/2023\/03\/Sizeup-Cedric-DALLE-DG-ELCAM.jpg?resize=300%2C300&ssl=1 300w, https:\/\/i0.wp.com\/www.elite-capitalgroup.com\/elcam\/wp-content\/uploads\/2023\/03\/Sizeup-Cedric-DALLE-DG-ELCAM.jpg?resize=1024%2C1024&ssl=1 1024w, https:\/\/i0.wp.com\/www.elite-capitalgroup.com\/elcam\/wp-content\/uploads\/2023\/03\/Sizeup-Cedric-DALLE-DG-ELCAM.jpg?resize=150%2C150&ssl=1 150w, https:\/\/i0.wp.com\/www.elite-capitalgroup.com\/elcam\/wp-content\/uploads\/2023\/03\/Sizeup-Cedric-DALLE-DG-ELCAM.jpg?resize=768%2C768&ssl=1 768w, https:\/\/i0.wp.com\/www.elite-capitalgroup.com\/elcam\/wp-content\/uploads\/2023\/03\/Sizeup-Cedric-DALLE-DG-ELCAM.jpg?resize=1536%2C1536&ssl=1 1536w, https:\/\/i0.wp.com\/www.elite-capitalgroup.com\/elcam\/wp-content\/uploads\/2023\/03\/Sizeup-Cedric-DALLE-DG-ELCAM.jpg?resize=12%2C12&ssl=1 12w, https:\/\/i0.wp.com\/www.elite-capitalgroup.com\/elcam\/wp-content\/uploads\/2023\/03\/Sizeup-Cedric-DALLE-DG-ELCAM.jpg?w=1280&ssl=1 1280w, https:\/\/i0.wp.com\/www.elite-capitalgroup.com\/elcam\/wp-content\/uploads\/2023\/03\/Sizeup-Cedric-DALLE-DG-ELCAM.jpg?w=1920&ssl=1 1920w\" sizes=\"auto, (max-width: 640px) 100vw, 640px\" \/>        <\/div>\n        <div class=\"mem-info\">\n            <h5>C\u00e9dric Dalle<span class=\"font12 normal\">General Manager<\/span><\/h5>\n            <div class=\"line\"><\/div>\n            <p><\/p>\n<blockquote><p>Nos \u00e9quipes sont constitu\u00e9es de professionnels rigoureux et chevronn\u00e9s aux m\u00e9tiers de la finance, avec une exp\u00e9rience reconnue et av\u00e9r\u00e9e sur les march\u00e9s financiers.<\/p><\/blockquote>\n<p><\/p>\n            <div class=\"social-mem\">\n                                    <a href=\"\" target=\"_blank\"><i class=\"\"><\/i><\/a>\n                            <\/div>            \n        <\/div>\n    <\/div>\n    \n    <div class=\"vc_empty_space\"   style=\"height: 30px\"><span class=\"vc_empty_space_inner\"><\/span><\/div><\/div><\/div><\/div><div class=\"wpb_column vc_column_container vc_col-sm-4\"><div class=\"vc_column-inner\"><div class=\"wpb_wrapper\">\n    <div class=\"menu-service\">\n        <h4>Nos Services<\/h4>        <div class=\"list-service\">\n                        <a href=\"https:\/\/www.elite-capitalgroup.com\/elcam\/en\/service\/creation-gestion-dopc-fcp\/\">\n                                                CIS\/MF Management            <\/a>\n                        <a href=\"https:\/\/www.elite-capitalgroup.com\/elcam\/en\/service\/gestion-individuelle\/\">\n                                                Individual management            <\/a>\n                        <a href=\"https:\/\/www.elite-capitalgroup.com\/elcam\/en\/service\/conseil-en-investissement\/\">\n                                                Investment Advisory            <\/a>\n                    <\/div>\n        <div class=\"call-action\" style=\"background-image: url();\">\n                    <\/div>\n    <\/div>\n\n    <\/div><\/div><\/div><\/div><\/div><\/div><\/div><\/div><\/div><\/section>\n<\/div>","protected":false},"excerpt":{"rendered":"C\u00e9dric DalleDirecteur G\u00e9n\u00e9ral Nos \u00e9quipes sont constitu\u00e9es de professionnels rigoureux et chevronn\u00e9s aux m\u00e9tiers de la finance, avec une exp\u00e9rience reconnue et av\u00e9r\u00e9e sur les march\u00e9s financiers. Nos Services Cr\u00e9ation &amp; Gestion OPC\/FCP Gestion individuelle Conseil en Investissement","protected":false},"author":4,"featured_media":0,"parent":0,"menu_order":0,"comment_status":"closed","ping_status":"closed","template":"","meta":{"footnotes":""},"class_list":["post-1279","page","type-page","status-publish","hentry"],"yoast_head":"<!-- This site is optimized with the Yoast SEO plugin v27.6 - https:\/\/yoast.com\/product\/yoast-seo-wordpress\/ -->\n<title>Notre \u00e9quipe - ELITE CAPITAL ASSET MANAGEMENT S.A.<\/title>\n<meta name=\"robots\" content=\"noindex, follow, max-snippet:-1, max-image-preview:large, max-video-preview:-1\" \/>\n<meta property=\"og:locale\" content=\"en_GB\" \/>\n<meta property=\"og:type\" content=\"article\" \/>\n<meta property=\"og:title\" content=\"Notre \u00e9quipe - ELITE CAPITAL ASSET MANAGEMENT S.A.\" \/>\n<meta property=\"og:url\" content=\"https:\/\/www.elite-capitalgroup.com\/elcam\/en\/notre-equipe\/\" \/>\n<meta property=\"og:site_name\" content=\"ELITE CAPITAL ASSET MANAGEMENT S.A.\" \/>\n<meta property=\"article:publisher\" content=\"https:\/\/www.facebook.com\/elitecapitalasset\/\" \/>\n<meta property=\"article:modified_time\" content=\"2023-03-19T15:32:36+00:00\" \/>\n<meta name=\"twitter:card\" content=\"summary_large_image\" \/>\n<meta name=\"twitter:label1\" content=\"Estimated reading time\" \/>\n\t<meta name=\"twitter:data1\" content=\"2 minutes\" \/>\n<script type=\"application\/ld+json\" class=\"yoast-schema-graph\">{\"@context\":\"https:\\\/\\\/schema.org\",\"@graph\":[{\"@type\":\"WebPage\",\"@id\":\"https:\\\/\\\/www.elite-capitalgroup.com\\\/elcam\\\/notre-equipe\\\/\",\"url\":\"https:\\\/\\\/www.elite-capitalgroup.com\\\/elcam\\\/notre-equipe\\\/\",\"name\":\"Notre \u00e9quipe - ELITE CAPITAL ASSET MANAGEMENT S.A.\",\"isPartOf\":{\"@id\":\"https:\\\/\\\/www.elite-capitalgroup.com\\\/elcam\\\/#website\"},\"datePublished\":\"2019-03-22T09:48:54+00:00\",\"dateModified\":\"2023-03-19T15:32:36+00:00\",\"breadcrumb\":{\"@id\":\"https:\\\/\\\/www.elite-capitalgroup.com\\\/elcam\\\/notre-equipe\\\/#breadcrumb\"},\"inLanguage\":\"en-GB\",\"potentialAction\":[{\"@type\":\"ReadAction\",\"target\":[\"https:\\\/\\\/www.elite-capitalgroup.com\\\/elcam\\\/notre-equipe\\\/\"]}]},{\"@type\":\"BreadcrumbList\",\"@id\":\"https:\\\/\\\/www.elite-capitalgroup.com\\\/elcam\\\/notre-equipe\\\/#breadcrumb\",\"itemListElement\":[{\"@type\":\"ListItem\",\"position\":1,\"name\":\"Accueil\",\"item\":\"https:\\\/\\\/www.elite-capitalgroup.com\\\/elcam\\\/\"},{\"@type\":\"ListItem\",\"position\":2,\"name\":\"Notre \u00e9quipe\"}]},{\"@type\":\"WebSite\",\"@id\":\"https:\\\/\\\/www.elite-capitalgroup.com\\\/elcam\\\/#website\",\"url\":\"https:\\\/\\\/www.elite-capitalgroup.com\\\/elcam\\\/\",\"name\":\"ELITE CAPITAL ASSET MANAGEMENT S.A.\",\"description\":\"Nous d\u00e9veloppons votre patrimoine financier\",\"publisher\":{\"@id\":\"https:\\\/\\\/www.elite-capitalgroup.com\\\/elcam\\\/#organization\"},\"potentialAction\":[{\"@type\":\"SearchAction\",\"target\":{\"@type\":\"EntryPoint\",\"urlTemplate\":\"https:\\\/\\\/www.elite-capitalgroup.com\\\/elcam\\\/?s={search_term_string}\"},\"query-input\":{\"@type\":\"PropertyValueSpecification\",\"valueRequired\":true,\"valueName\":\"search_term_string\"}}],\"inLanguage\":\"en-GB\"},{\"@type\":\"Organization\",\"@id\":\"https:\\\/\\\/www.elite-capitalgroup.com\\\/elcam\\\/#organization\",\"name\":\"ELITE CAPITAL ASSET MANAGEMENT\",\"url\":\"https:\\\/\\\/www.elite-capitalgroup.com\\\/elcam\\\/\",\"logo\":{\"@type\":\"ImageObject\",\"inLanguage\":\"en-GB\",\"@id\":\"https:\\\/\\\/www.elite-capitalgroup.com\\\/elcam\\\/#\\\/schema\\\/logo\\\/image\\\/\",\"url\":\"https:\\\/\\\/i0.wp.com\\\/elitecapital-asset.com\\\/wp-content\\\/uploads\\\/2022\\\/02\\\/logo-baseline.png?fit=220%2C51&ssl=1\",\"contentUrl\":\"https:\\\/\\\/i0.wp.com\\\/elitecapital-asset.com\\\/wp-content\\\/uploads\\\/2022\\\/02\\\/logo-baseline.png?fit=220%2C51&ssl=1\",\"width\":220,\"height\":51,\"caption\":\"ELITE CAPITAL ASSET MANAGEMENT\"},\"image\":{\"@id\":\"https:\\\/\\\/www.elite-capitalgroup.com\\\/elcam\\\/#\\\/schema\\\/logo\\\/image\\\/\"},\"sameAs\":[\"https:\\\/\\\/www.facebook.com\\\/elitecapitalasset\\\/\",\"https:\\\/\\\/www.linkedin.com\\\/company\\\/elite-capital-asset-management-s-a\\\/\"]}]}<\/script>\n<!-- \/ Yoast SEO plugin. -->","yoast_head_json":{"title":"Notre \u00e9quipe - ELITE CAPITAL ASSET MANAGEMENT S.A.","robots":{"index":"noindex","follow":"follow","max-snippet":"max-snippet:-1","max-image-preview":"max-image-preview:large","max-video-preview":"max-video-preview:-1"},"og_locale":"en_GB","og_type":"article","og_title":"Notre \u00e9quipe - ELITE CAPITAL ASSET MANAGEMENT S.A.","og_url":"https:\/\/www.elite-capitalgroup.com\/elcam\/en\/notre-equipe\/","og_site_name":"ELITE CAPITAL ASSET MANAGEMENT S.A.","article_publisher":"https:\/\/www.facebook.com\/elitecapitalasset\/","article_modified_time":"2023-03-19T15:32:36+00:00","twitter_card":"summary_large_image","twitter_misc":{"Estimated reading time":"2 minutes"},"schema":{"@context":"https:\/\/schema.org","@graph":[{"@type":"WebPage","@id":"https:\/\/www.elite-capitalgroup.com\/elcam\/notre-equipe\/","url":"https:\/\/www.elite-capitalgroup.com\/elcam\/notre-equipe\/","name":"Notre \u00e9quipe - ELITE CAPITAL ASSET MANAGEMENT S.A.","isPartOf":{"@id":"https:\/\/www.elite-capitalgroup.com\/elcam\/#website"},"datePublished":"2019-03-22T09:48:54+00:00","dateModified":"2023-03-19T15:32:36+00:00","breadcrumb":{"@id":"https:\/\/www.elite-capitalgroup.com\/elcam\/notre-equipe\/#breadcrumb"},"inLanguage":"en-GB","potentialAction":[{"@type":"ReadAction","target":["https:\/\/www.elite-capitalgroup.com\/elcam\/notre-equipe\/"]}]},{"@type":"BreadcrumbList","@id":"https:\/\/www.elite-capitalgroup.com\/elcam\/notre-equipe\/#breadcrumb","itemListElement":[{"@type":"ListItem","position":1,"name":"Accueil","item":"https:\/\/www.elite-capitalgroup.com\/elcam\/"},{"@type":"ListItem","position":2,"name":"Notre \u00e9quipe"}]},{"@type":"WebSite","@id":"https:\/\/www.elite-capitalgroup.com\/elcam\/#website","url":"https:\/\/www.elite-capitalgroup.com\/elcam\/","name":"ELITE CAPITAL ASSET MANAGEMENT S.A.","description":"Nous d\u00e9veloppons votre patrimoine financier","publisher":{"@id":"https:\/\/www.elite-capitalgroup.com\/elcam\/#organization"},"potentialAction":[{"@type":"SearchAction","target":{"@type":"EntryPoint","urlTemplate":"https:\/\/www.elite-capitalgroup.com\/elcam\/?s={search_term_string}"},"query-input":{"@type":"PropertyValueSpecification","valueRequired":true,"valueName":"search_term_string"}}],"inLanguage":"en-GB"},{"@type":"Organization","@id":"https:\/\/www.elite-capitalgroup.com\/elcam\/#organization","name":"ELITE CAPITAL ASSET MANAGEMENT","url":"https:\/\/www.elite-capitalgroup.com\/elcam\/","logo":{"@type":"ImageObject","inLanguage":"en-GB","@id":"https:\/\/www.elite-capitalgroup.com\/elcam\/#\/schema\/logo\/image\/","url":"https:\/\/i0.wp.com\/elitecapital-asset.com\/wp-content\/uploads\/2022\/02\/logo-baseline.png?fit=220%2C51&ssl=1","contentUrl":"https:\/\/i0.wp.com\/elitecapital-asset.com\/wp-content\/uploads\/2022\/02\/logo-baseline.png?fit=220%2C51&ssl=1","width":220,"height":51,"caption":"ELITE CAPITAL ASSET MANAGEMENT"},"image":{"@id":"https:\/\/www.elite-capitalgroup.com\/elcam\/#\/schema\/logo\/image\/"},"sameAs":["https:\/\/www.facebook.com\/elitecapitalasset\/","https:\/\/www.linkedin.com\/company\/elite-capital-asset-management-s-a\/"]}]}},"jetpack_shortlink":"https:\/\/wp.me\/PeLvhJ-kD","jetpack_sharing_enabled":true,"_links":{"self":[{"href":"https:\/\/www.elite-capitalgroup.com\/elcam\/en\/wp-json\/wp\/v2\/pages\/1279","targetHints":{"allow":["GET"]}}],"collection":[{"href":"https:\/\/www.elite-capitalgroup.com\/elcam\/en\/wp-json\/wp\/v2\/pages"}],"about":[{"href":"https:\/\/www.elite-capitalgroup.com\/elcam\/en\/wp-json\/wp\/v2\/types\/page"}],"author":[{"embeddable":true,"href":"https:\/\/www.elite-capitalgroup.com\/elcam\/en\/wp-json\/wp\/v2\/users\/4"}],"replies":[{"embeddable":true,"href":"https:\/\/www.elite-capitalgroup.com\/elcam\/en\/wp-json\/wp\/v2\/comments?post=1279"}],"version-history":[{"count":5,"href":"https:\/\/www.elite-capitalgroup.com\/elcam\/en\/wp-json\/wp\/v2\/pages\/1279\/revisions"}],"predecessor-version":[{"id":2547,"href":"https:\/\/www.elite-capitalgroup.com\/elcam\/en\/wp-json\/wp\/v2\/pages\/1279\/revisions\/2547"}],"wp:attachment":[{"href":"https:\/\/www.elite-capitalgroup.com\/elcam\/en\/wp-json\/wp\/v2\/media?parent=1279"}],"curies":[{"name":"wp","href":"https:\/\/api.w.org\/{rel}","templated":true}]}}