{"id":2273,"date":"2022-03-15T12:56:57","date_gmt":"2022-03-15T11:56:57","guid":{"rendered":"https:\/\/www.elite-capitalgroup.com\/elcam\/?page_id=2273"},"modified":"2022-03-17T12:24:36","modified_gmt":"2022-03-17T11:24:36","slug":"politique-de-confidentialite","status":"publish","type":"page","link":"https:\/\/www.elite-capitalgroup.com\/elcam\/en\/politique-de-confidentialite\/","title":{"rendered":"Privacy policy"},"content":{"rendered":"<div class=\"wpb-content-wrapper\"><section class=\"wpb_row vc_row-fluid\"><div class=\"container\"><div class=\"vc_row\"><div class=\"wpb_column vc_column_container vc_col-sm-12\"><div class=\"vc_column-inner\"><div class=\"wpb_wrapper\">\n\t<div class=\"wpb_text_column wpb_content_element vc_custom_1647516271621\" >\n\t\t<div class=\"wpb_wrapper\">\n\t\t\t<p>Last updated: 15 mars 2022<\/p>\n<p>ELITE CAPITAL ASSET MANAGEMENT (\u00ab us \u00bb, \u00ab we \u00bb, or \u00ab our \u00bb) operates the ELITE CAPITAL ASSET MANAGEMENT website (the \u00ab Service \u00bb).<\/p>\n<p>Cette page vous informe de nos politiques concernant la collecte, l&rsquo;utilisation et la divulgation des informations personnelles lorsque vous utilisez notre service.<\/p>\n<p>Nous n&rsquo;utiliserons ni ne partagerons vos informations avec qui que ce soit, sauf de la mani\u00e8re d\u00e9crite dans la pr\u00e9sente politique de confidentialit\u00e9.<\/p>\n<p>Nous utilisons vos informations personnelles pour fournir et am\u00e9liorer le service. En utilisant le Service, vous acceptez la collecte et l&rsquo;utilisation des informations conform\u00e9ment \u00e0 cette politique. Sauf indication contraire dans la pr\u00e9sente politique de confidentialit\u00e9, les termes utilis\u00e9s dans la pr\u00e9sente politique de confidentialit\u00e9 ont la m\u00eame signification que dans nos conditions g\u00e9n\u00e9rales, accessibles \u00e0 l&rsquo;adresse https:\/\/www.hituse.com\/ecg\/elcam<\/p>\n<h2>Information Collection And Use<\/h2>\n<p>Lors de l&rsquo;utilisation de notre Service, nous pouvons vous demander de nous fournir certaines informations personnellement identifiables qui peuvent \u00eatre utilis\u00e9es pour vous contacter ou vous identifier. Les informations personnellement identifiables (\u00ab\u00a0Informations personnelles\u00a0\u00bb) peuvent inclure, mais sans s&rsquo;y limiter\u00a0:<\/p>\n<ul>\n<li>Name<\/li>\n<li>Email address<\/li>\n<li>Telephone number<\/li>\n<\/ul>\n<h2>Log Data<\/h2>\n<p>Nous collectons les informations que votre navigateur envoie chaque fois que vous visitez notre Service (\u00ab Donn\u00e9es de journal \u00bb). Ces donn\u00e9es de journal peuvent inclure des informations telles que l&rsquo;adresse de protocole Internet (\u00ab IP \u00bb) de votre ordinateur, le type de navigateur, la version du navigateur, les pages de notre service que vous visitez, l&rsquo;heure et la date de votre visite, le temps pass\u00e9 sur ces pages et d&rsquo;autres statistiques.<\/p>\n<h2>Cookies<\/h2>\n<p>Les cookies sont des fichiers contenant une petite quantit\u00e9 de donn\u00e9es, qui peuvent inclure un identifiant unique anonyme. Les cookies sont envoy\u00e9s \u00e0 votre navigateur \u00e0 partir d&rsquo;un site Web et stock\u00e9s sur le disque dur de votre ordinateur.<\/p>\n<p>Nous utilisons des \u00ab cookies \u00bb pour collecter des informations. Vous pouvez demander \u00e0 votre navigateur de refuser tous les cookies ou d&rsquo;indiquer quand un cookie est envoy\u00e9. Cependant, si vous n&rsquo;acceptez pas les cookies, vous ne pourrez peut-\u00eatre pas utiliser certaines parties de notre Service.<\/p>\n<h2>Service Providers<\/h2>\n<p>We may employ third party companies and individuals to facilitate our Service, to provide the Service on our behalf, to perform Service-related services or to assist us in analyzing how our Service is used.<\/p>\n<p>Ces tiers ont acc\u00e8s \u00e0 vos informations personnelles uniquement pour effectuer ces t\u00e2ches en notre nom et sont tenus de ne pas les divulguer ni les utiliser \u00e0 d&rsquo;autres fins.<\/p>\n<h2>Security<\/h2>\n<p>La s\u00e9curit\u00e9 de vos informations personnelles est importante pour nous, mais n&rsquo;oubliez pas qu&rsquo;aucune m\u00e9thode de transmission sur Internet ou m\u00e9thode de stockage \u00e9lectronique n&rsquo;est s\u00e9curis\u00e9e \u00e0 100 %. Bien que nous nous efforcions d&rsquo;utiliser des moyens commercialement acceptables pour prot\u00e9ger vos informations personnelles, nous ne pouvons garantir leur s\u00e9curit\u00e9 absolue.<\/p>\n<h2>Liens vers d&rsquo;autres sites<\/h2>\n<p>Notre service peut contenir des liens vers d&rsquo;autres sites que nous n&rsquo;exploitons pas. Si vous cliquez sur un lien tiers, vous serez dirig\u00e9 vers le site de ce tiers. Nous vous conseillons vivement de consulter la politique de confidentialit\u00e9 de chaque site que vous visitez.<\/p>\n<p>Nous n&rsquo;avons aucun contr\u00f4le et n&rsquo;assumons aucune responsabilit\u00e9 quant au contenu, aux politiques de confidentialit\u00e9 ou aux pratiques des sites ou services tiers.<br \/>\nChildren\u2019s Privacy<\/p>\n<p>Notre Service ne s&rsquo;adresse pas aux personnes de moins de 18 ans (\u00ab Enfants \u00bb).<\/p>\n<p>Nous ne collectons pas sciemment des informations personnellement identifiables aupr\u00e8s d&rsquo;enfants de moins de 18 ans. Si vous \u00eates un parent ou un tuteur et que vous savez que votre enfant nous a fourni des informations personnelles, veuillez nous contacter. Si nous d\u00e9couvrons qu&rsquo;un enfant de moins de 18 ans nous a fourni des informations personnelles, nous supprimerons imm\u00e9diatement ces informations de nos serveurs.<\/p>\n<h2>Changes To This Privacy Policy<\/h2>\n<p>We may update our Privacy Policy from time to time. We will notify you of any changes by posting the new Privacy Policy on this page.<\/p>\n<p>Il vous est conseill\u00e9 de consulter p\u00e9riodiquement cette politique de confidentialit\u00e9 pour tout changement. Les modifications apport\u00e9es \u00e0 cette politique de confidentialit\u00e9 entrent en vigueur lorsqu&rsquo;elles sont publi\u00e9es sur cette page.<\/p>\n<h2>Contact Us<\/h2>\n<p>If you have any questions about this Privacy Policy, please <a href=\"https:\/\/www.elite-capitalgroup.com\/elcam\/en\/contact\/\" target=\"_self\" rel=\"noopener\">contact us<\/a>.<\/p>\n\n\t\t<\/div>\n\t<\/div>\n<\/div><\/div><\/div><\/div><\/div><\/section>\n<\/div>","protected":false},"excerpt":{"rendered":"Derni\u00e8re mise \u00e0 jour\u00a0: 15 mars 2022 ELITE CAPITAL ASSET MANAGEMENT (\u00ab nous \u00bb, \u00ab nous \u00bb ou \u00ab nos \u00bb) exploite le site Web ELITE CAPITAL ASSET MANAGEMENT (le \u00ab Service \u00bb). Cette page vous informe de nos politiques concernant la collecte, l'utilisation et la divulgation des informations personnelles lorsque vous utilisez notre service. [...]","protected":false},"author":4,"featured_media":0,"parent":0,"menu_order":0,"comment_status":"closed","ping_status":"open","template":"","meta":{"jetpack_post_was_ever_published":false,"footnotes":""},"class_list":["post-2273","page","type-page","status-publish","hentry"],"yoast_head":"<!-- This site is optimized with the Yoast SEO plugin v27.3 - https:\/\/yoast.com\/product\/yoast-seo-wordpress\/ -->\n<title>Politique de confidentialit\u00e9 - ELITE CAPITAL ASSET MANAGEMENT S.A.<\/title>\n<meta name=\"robots\" content=\"noindex, follow, max-snippet:-1, max-image-preview:large, max-video-preview:-1\" \/>\n<meta property=\"og:locale\" content=\"en_GB\" \/>\n<meta property=\"og:type\" content=\"article\" \/>\n<meta property=\"og:title\" content=\"Politique de confidentialit\u00e9 - ELITE CAPITAL ASSET MANAGEMENT S.A.\" \/>\n<meta property=\"og:url\" content=\"https:\/\/www.elite-capitalgroup.com\/elcam\/en\/politique-de-confidentialite\/\" \/>\n<meta property=\"og:site_name\" content=\"ELITE CAPITAL ASSET MANAGEMENT S.A.\" \/>\n<meta property=\"article:publisher\" content=\"https:\/\/www.facebook.com\/elitecapitalasset\/\" \/>\n<meta property=\"article:modified_time\" content=\"2022-03-17T11:24:36+00:00\" \/>\n<meta name=\"twitter:card\" content=\"summary_large_image\" \/>\n<meta name=\"twitter:label1\" content=\"Estimated reading time\" \/>\n\t<meta name=\"twitter:data1\" content=\"4 minutes\" \/>\n<script type=\"application\/ld+json\" class=\"yoast-schema-graph\">{\"@context\":\"https:\\\/\\\/schema.org\",\"@graph\":[{\"@type\":\"WebPage\",\"@id\":\"https:\\\/\\\/www.elite-capitalgroup.com\\\/elcam\\\/politique-de-confidentialite\\\/\",\"url\":\"https:\\\/\\\/www.elite-capitalgroup.com\\\/elcam\\\/politique-de-confidentialite\\\/\",\"name\":\"Politique de confidentialit\u00e9 - ELITE CAPITAL ASSET MANAGEMENT S.A.\",\"isPartOf\":{\"@id\":\"https:\\\/\\\/www.elite-capitalgroup.com\\\/elcam\\\/#website\"},\"datePublished\":\"2022-03-15T11:56:57+00:00\",\"dateModified\":\"2022-03-17T11:24:36+00:00\",\"breadcrumb\":{\"@id\":\"https:\\\/\\\/www.elite-capitalgroup.com\\\/elcam\\\/politique-de-confidentialite\\\/#breadcrumb\"},\"inLanguage\":\"en-GB\",\"potentialAction\":[{\"@type\":\"ReadAction\",\"target\":[\"https:\\\/\\\/www.elite-capitalgroup.com\\\/elcam\\\/politique-de-confidentialite\\\/\"]}]},{\"@type\":\"BreadcrumbList\",\"@id\":\"https:\\\/\\\/www.elite-capitalgroup.com\\\/elcam\\\/politique-de-confidentialite\\\/#breadcrumb\",\"itemListElement\":[{\"@type\":\"ListItem\",\"position\":1,\"name\":\"Accueil\",\"item\":\"https:\\\/\\\/www.elite-capitalgroup.com\\\/elcam\\\/\"},{\"@type\":\"ListItem\",\"position\":2,\"name\":\"Politique de confidentialit\u00e9\"}]},{\"@type\":\"WebSite\",\"@id\":\"https:\\\/\\\/www.elite-capitalgroup.com\\\/elcam\\\/#website\",\"url\":\"https:\\\/\\\/www.elite-capitalgroup.com\\\/elcam\\\/\",\"name\":\"ELITE CAPITAL ASSET MANAGEMENT S.A.\",\"description\":\"Nous d\u00e9veloppons votre patrimoine financier\",\"publisher\":{\"@id\":\"https:\\\/\\\/www.elite-capitalgroup.com\\\/elcam\\\/#organization\"},\"potentialAction\":[{\"@type\":\"SearchAction\",\"target\":{\"@type\":\"EntryPoint\",\"urlTemplate\":\"https:\\\/\\\/www.elite-capitalgroup.com\\\/elcam\\\/?s={search_term_string}\"},\"query-input\":{\"@type\":\"PropertyValueSpecification\",\"valueRequired\":true,\"valueName\":\"search_term_string\"}}],\"inLanguage\":\"en-GB\"},{\"@type\":\"Organization\",\"@id\":\"https:\\\/\\\/www.elite-capitalgroup.com\\\/elcam\\\/#organization\",\"name\":\"ELITE CAPITAL ASSET MANAGEMENT\",\"url\":\"https:\\\/\\\/www.elite-capitalgroup.com\\\/elcam\\\/\",\"logo\":{\"@type\":\"ImageObject\",\"inLanguage\":\"en-GB\",\"@id\":\"https:\\\/\\\/www.elite-capitalgroup.com\\\/elcam\\\/#\\\/schema\\\/logo\\\/image\\\/\",\"url\":\"https:\\\/\\\/i0.wp.com\\\/elitecapital-asset.com\\\/wp-content\\\/uploads\\\/2022\\\/02\\\/logo-baseline.png?fit=220%2C51&ssl=1\",\"contentUrl\":\"https:\\\/\\\/i0.wp.com\\\/elitecapital-asset.com\\\/wp-content\\\/uploads\\\/2022\\\/02\\\/logo-baseline.png?fit=220%2C51&ssl=1\",\"width\":220,\"height\":51,\"caption\":\"ELITE CAPITAL ASSET MANAGEMENT\"},\"image\":{\"@id\":\"https:\\\/\\\/www.elite-capitalgroup.com\\\/elcam\\\/#\\\/schema\\\/logo\\\/image\\\/\"},\"sameAs\":[\"https:\\\/\\\/www.facebook.com\\\/elitecapitalasset\\\/\",\"https:\\\/\\\/www.linkedin.com\\\/company\\\/elite-capital-asset-management-s-a\\\/\"]}]}<\/script>\n<!-- \/ Yoast SEO plugin. -->","yoast_head_json":{"title":"Politique de confidentialit\u00e9 - ELITE CAPITAL ASSET MANAGEMENT S.A.","robots":{"index":"noindex","follow":"follow","max-snippet":"max-snippet:-1","max-image-preview":"max-image-preview:large","max-video-preview":"max-video-preview:-1"},"og_locale":"en_GB","og_type":"article","og_title":"Politique de confidentialit\u00e9 - ELITE CAPITAL ASSET MANAGEMENT S.A.","og_url":"https:\/\/www.elite-capitalgroup.com\/elcam\/en\/politique-de-confidentialite\/","og_site_name":"ELITE CAPITAL ASSET MANAGEMENT S.A.","article_publisher":"https:\/\/www.facebook.com\/elitecapitalasset\/","article_modified_time":"2022-03-17T11:24:36+00:00","twitter_card":"summary_large_image","twitter_misc":{"Estimated reading time":"4 minutes"},"schema":{"@context":"https:\/\/schema.org","@graph":[{"@type":"WebPage","@id":"https:\/\/www.elite-capitalgroup.com\/elcam\/politique-de-confidentialite\/","url":"https:\/\/www.elite-capitalgroup.com\/elcam\/politique-de-confidentialite\/","name":"Politique de confidentialit\u00e9 - ELITE CAPITAL ASSET MANAGEMENT S.A.","isPartOf":{"@id":"https:\/\/www.elite-capitalgroup.com\/elcam\/#website"},"datePublished":"2022-03-15T11:56:57+00:00","dateModified":"2022-03-17T11:24:36+00:00","breadcrumb":{"@id":"https:\/\/www.elite-capitalgroup.com\/elcam\/politique-de-confidentialite\/#breadcrumb"},"inLanguage":"en-GB","potentialAction":[{"@type":"ReadAction","target":["https:\/\/www.elite-capitalgroup.com\/elcam\/politique-de-confidentialite\/"]}]},{"@type":"BreadcrumbList","@id":"https:\/\/www.elite-capitalgroup.com\/elcam\/politique-de-confidentialite\/#breadcrumb","itemListElement":[{"@type":"ListItem","position":1,"name":"Accueil","item":"https:\/\/www.elite-capitalgroup.com\/elcam\/"},{"@type":"ListItem","position":2,"name":"Politique de confidentialit\u00e9"}]},{"@type":"WebSite","@id":"https:\/\/www.elite-capitalgroup.com\/elcam\/#website","url":"https:\/\/www.elite-capitalgroup.com\/elcam\/","name":"ELITE CAPITAL ASSET MANAGEMENT S.A.","description":"Nous d\u00e9veloppons votre patrimoine financier","publisher":{"@id":"https:\/\/www.elite-capitalgroup.com\/elcam\/#organization"},"potentialAction":[{"@type":"SearchAction","target":{"@type":"EntryPoint","urlTemplate":"https:\/\/www.elite-capitalgroup.com\/elcam\/?s={search_term_string}"},"query-input":{"@type":"PropertyValueSpecification","valueRequired":true,"valueName":"search_term_string"}}],"inLanguage":"en-GB"},{"@type":"Organization","@id":"https:\/\/www.elite-capitalgroup.com\/elcam\/#organization","name":"ELITE CAPITAL ASSET MANAGEMENT","url":"https:\/\/www.elite-capitalgroup.com\/elcam\/","logo":{"@type":"ImageObject","inLanguage":"en-GB","@id":"https:\/\/www.elite-capitalgroup.com\/elcam\/#\/schema\/logo\/image\/","url":"https:\/\/i0.wp.com\/elitecapital-asset.com\/wp-content\/uploads\/2022\/02\/logo-baseline.png?fit=220%2C51&ssl=1","contentUrl":"https:\/\/i0.wp.com\/elitecapital-asset.com\/wp-content\/uploads\/2022\/02\/logo-baseline.png?fit=220%2C51&ssl=1","width":220,"height":51,"caption":"ELITE CAPITAL ASSET MANAGEMENT"},"image":{"@id":"https:\/\/www.elite-capitalgroup.com\/elcam\/#\/schema\/logo\/image\/"},"sameAs":["https:\/\/www.facebook.com\/elitecapitalasset\/","https:\/\/www.linkedin.com\/company\/elite-capital-asset-management-s-a\/"]}]}},"jetpack_shortlink":"https:\/\/wp.me\/PeLvhJ-AF","jetpack_sharing_enabled":false,"_links":{"self":[{"href":"https:\/\/www.elite-capitalgroup.com\/elcam\/en\/wp-json\/wp\/v2\/pages\/2273","targetHints":{"allow":["GET"]}}],"collection":[{"href":"https:\/\/www.elite-capitalgroup.com\/elcam\/en\/wp-json\/wp\/v2\/pages"}],"about":[{"href":"https:\/\/www.elite-capitalgroup.com\/elcam\/en\/wp-json\/wp\/v2\/types\/page"}],"author":[{"embeddable":true,"href":"https:\/\/www.elite-capitalgroup.com\/elcam\/en\/wp-json\/wp\/v2\/users\/4"}],"replies":[{"embeddable":true,"href":"https:\/\/www.elite-capitalgroup.com\/elcam\/en\/wp-json\/wp\/v2\/comments?post=2273"}],"version-history":[{"count":0,"href":"https:\/\/www.elite-capitalgroup.com\/elcam\/en\/wp-json\/wp\/v2\/pages\/2273\/revisions"}],"wp:attachment":[{"href":"https:\/\/www.elite-capitalgroup.com\/elcam\/en\/wp-json\/wp\/v2\/media?parent=2273"}],"curies":[{"name":"wp","href":"https:\/\/api.w.org\/{rel}","templated":true}]}}