{"id":967,"date":"2019-03-15T07:27:33","date_gmt":"2019-03-15T06:27:33","guid":{"rendered":"http:\/\/localhost\/consultax\/?page_id=967"},"modified":"2023-12-01T17:47:14","modified_gmt":"2023-12-01T16:47:14","slug":"contact","status":"publish","type":"page","link":"https:\/\/www.elite-capitalgroup.com\/elcam\/en\/contact\/","title":{"rendered":"Contact"},"content":{"rendered":"<div class=\"wpb-content-wrapper\"><section class=\"wpb_row vc_row-fluid section-padd vc_custom_1552981638968\"><div class=\"container\"><div class=\"vc_row\"><div class=\"wpb_column vc_column_container vc_col-sm-12 vc_col-md-9\"><div class=\"vc_column-inner\"><div class=\"wpb_wrapper\">\n    <div class=\"section-head \">\n                    <h6><span>Adresse<\/span><\/h6>\n                <h2 class=\"section-title\">Quartier Bastos, entr\u00e9e Ambassade de Chine, 2\u00e8me \u00e9tage immeuble Icon Residence & Offices<br \/>\nB.P. 35 303 Yaound\u00e9, Cameroun<\/h2>\n            <\/div>\n\n<div class=\"vc_empty_space\"   style=\"height: 12px\"><span class=\"vc_empty_space_inner\"><\/span><\/div><\/div><\/div><\/div><div class=\"wpb_column vc_column_container vc_col-sm-12 vc_col-md-8\"><div class=\"vc_column-inner\"><div class=\"wpb_wrapper\">\n\t<div class=\"wpb_text_column wpb_content_element vc_custom_1679302771660 contact-info\" >\n\t\t<div class=\"wpb_wrapper\">\n\t\t\t<p><a href=\"mailto:info@elite-capitalgroup.com\"><i class=\"fa fa-envelope\"> info@elite-capitalgroup.com<\/i><\/a><a href=\"tel:+237222207611\"><i class=\"fa fa-phone-square\"> +237 222 207 611<\/i><\/a><\/p>\n\n\t\t<\/div>\n\t<\/div>\n<\/div><\/div><\/div><div class=\"wpb_column vc_column_container vc_col-sm-12 vc_col-md-4\"><div class=\"vc_column-inner\"><div class=\"wpb_wrapper\">\n\t<div class=\"wpb_text_column wpb_content_element vc_custom_1680775818621 socials text-right md-hidden sm-hidden\" >\n\t\t<div class=\"wpb_wrapper\">\n\t\t\t<p><a href=\"https:\/\/www.linkedin.com\/company\/elite-capital-asset-management-s-a\/\" target=\"_tab\" rel=\"noopener noreferrer\"><i class=\"fa fa-linkedin\">lk<\/i><\/a><a href=\"https:\/\/www.facebook.com\/elitecapitalasset\/\" target=\"_tab\" rel=\"noopener noreferrer\"><i class=\"fa fa-facebook-official\">fb<\/i><\/a><a href=\"https:\/\/twitter.com\/elcap_grp\" target=\"_tab\" rel=\"noopener noreferrer\"><i class=\"fa fa-twitter\">tw<\/i><\/a><\/p>\n\n\t\t<\/div>\n\t<\/div>\n<\/div><\/div><\/div><\/div><\/div><\/section><section class=\"wpb_row vc_row-fluid section-padd vc_custom_1552981705441\"><div class=\"container\"><div class=\"vc_row\"><div class=\"wpb_column vc_column_container vc_col-sm-12\"><div class=\"vc_column-inner\"><div class=\"wpb_wrapper\"><div class=\"vc_separator wpb_content_element vc_separator_align_center vc_sep_width_100 vc_sep_pos_align_center vc_separator_no_text vc_sep_color_grey vc_custom_1552640163971 wpb_content_element  vc_custom_1552640163971 wpb_content_element\" ><span class=\"vc_sep_holder vc_sep_holder_l\"><span class=\"vc_sep_line\"><\/span><\/span><span class=\"vc_sep_holder vc_sep_holder_r\"><span class=\"vc_sep_line\"><\/span><\/span>\n<\/div><\/div><\/div><\/div><\/div><\/div><\/section><section class=\"wpb_row vc_row-fluid section-padd\"><div class=\"container\"><div class=\"vc_row\"><div class=\"wpb_column vc_column_container vc_col-sm-12 vc_col-md-7\"><div class=\"vc_column-inner\"><div class=\"wpb_wrapper\">\n    <div class=\"section-head \">\n                    <h6><span>FORMULAIRE DE CONTACT<\/span><\/h6>\n                <h2 class=\"section-title\">Comment pouvons-nous vous aider ?<\/h2>\n            <\/div>\n\n<div class=\"vc_empty_space\"   style=\"height: 12px\"><span class=\"vc_empty_space_inner\"><\/span><\/div>\n<div class=\"wpcf7 no-js\" id=\"wpcf7-f7-o1\" lang=\"fr-FR\" dir=\"ltr\" data-wpcf7-id=\"7\">\n<div class=\"screen-reader-response\"><p role=\"status\" aria-live=\"polite\" aria-atomic=\"true\"><\/p> <ul><\/ul><\/div>\n<form action=\"\/elcam\/en\/wp-json\/wp\/v2\/pages\/967#wpcf7-f7-o1\" method=\"post\" class=\"wpcf7-form init\" aria-label=\"Formulaire de contact\" novalidate=\"novalidate\" data-status=\"init\">\n<fieldset class=\"hidden-fields-container\"><input type=\"hidden\" name=\"_wpcf7\" value=\"7\" \/><input type=\"hidden\" name=\"_wpcf7_version\" value=\"6.1.6\" \/><input type=\"hidden\" name=\"_wpcf7_locale\" value=\"fr_FR\" \/><input type=\"hidden\" name=\"_wpcf7_unit_tag\" value=\"wpcf7-f7-o1\" \/><input type=\"hidden\" name=\"_wpcf7_container_post\" value=\"0\" \/><input type=\"hidden\" name=\"_wpcf7_posted_data_hash\" value=\"\" \/>\n<\/fieldset>\n<p><label> Votre nom<br \/>\n<span class=\"wpcf7-form-control-wrap\" data-name=\"your-name\"><input size=\"40\" maxlength=\"400\" class=\"wpcf7-form-control wpcf7-text wpcf7-validates-as-required\" aria-required=\"true\" aria-invalid=\"false\" value=\"\" type=\"text\" name=\"your-name\" \/><\/span> <\/label>\n<\/p>\n<p><label> Votre email<br \/>\n<span class=\"wpcf7-form-control-wrap\" data-name=\"your-email\"><input size=\"40\" maxlength=\"400\" class=\"wpcf7-form-control wpcf7-email wpcf7-validates-as-required wpcf7-text wpcf7-validates-as-email\" aria-required=\"true\" aria-invalid=\"false\" value=\"\" type=\"email\" name=\"your-email\" \/><\/span> <\/label>\n<\/p>\n<p><label> Sujet<br \/>\n<span class=\"wpcf7-form-control-wrap\" data-name=\"your-subject\"><input size=\"40\" maxlength=\"400\" class=\"wpcf7-form-control wpcf7-text wpcf7-validates-as-required\" aria-required=\"true\" aria-invalid=\"false\" value=\"\" type=\"text\" name=\"your-subject\" \/><\/span> <\/label>\n<\/p>\n<p><label> Votre message<br \/>\n<span class=\"wpcf7-form-control-wrap\" data-name=\"your-message\"><textarea cols=\"40\" rows=\"10\" maxlength=\"2000\" class=\"wpcf7-form-control wpcf7-textarea\" aria-invalid=\"false\" name=\"your-message\"><\/textarea><\/span> <\/label>\n<\/p>\n<p><input class=\"wpcf7-form-control wpcf7-submit has-spinner\" type=\"submit\" value=\"Envoyer\" \/>\n<\/p><p style=\"display: none !important;\" class=\"akismet-fields-container\" data-prefix=\"_wpcf7_ak_\"><label>\u0394<textarea name=\"_wpcf7_ak_hp_textarea\" cols=\"45\" rows=\"8\" maxlength=\"100\"><\/textarea><\/label><input type=\"hidden\" id=\"ak_js_1\" name=\"_wpcf7_ak_js\" value=\"130\"\/><script type=\"text\/javascript\">\n\/* <![CDATA[ *\/\ndocument.getElementById( \"ak_js_1\" ).setAttribute( \"value\", ( new Date() ).getTime() );\n\/* ]]> *\/\n<\/script>\n<\/p><div class=\"wpcf7-response-output\" aria-hidden=\"true\"><\/div>\n<\/form>\n<\/div>\n<div class=\"vc_empty_space  lg-hidden\"   style=\"height: 40px\"><span class=\"vc_empty_space_inner\"><\/span><\/div><\/div><\/div><\/div><div class=\"wpb_column vc_column_container vc_col-sm-12 vc_col-md-5\"><div class=\"vc_column-inner\"><div class=\"wpb_wrapper\">\n\t<div  class=\"wpb_single_image wpb_content_element vc_align_center wpb_content_element vc_custom_1552643650344\">\n\t\t\n\t\t<figure class=\"wpb_wrapper vc_figure\">\n\t\t\t<div class=\"vc_single_image-wrapper   vc_box_border_grey\"><\/div>\n\t\t<\/figure>\n\t<\/div>\n<\/div><\/div><\/div><\/div><\/div><\/section><section class=\"wpb_row vc_row-fluid vc_custom_1646675869611\"><div class=\"container\"><div class=\"vc_row\"><div class=\"wpb_column vc_column_container vc_col-sm-12\"><div class=\"vc_column-inner\"><div class=\"wpb_wrapper\"><div class=\"wpb_gmaps_widget wpb_content_element vc_custom_1646675847722\"><div class=\"wpb_wrapper\"><div class=\"wpb_map_wraper\"><iframe src=\"https:\/\/www.google.com\/maps\/embed?pb=!1m14!1m8!1m3!1d7961.289225468709!2d11.507118!3d3.8861249999999994!3m2!1i1024!2i768!4f13.1!3m3!1m2!1s0x0%3A0xc41bcbfb2d682a8a!2sElite%20Capital%20Securities%20Central%20Africa!5e0!3m2!1sfr!2scm!4v1646675707462!5m2!1sfr!2scm\" width=\"1169\" height=\"600\" style=\"border:0;\" allowfullscreen=\"\" loading=\"lazy\"><\/iframe><\/div><\/div><\/div><\/div><\/div><\/div><\/div><\/div><\/section>\n<\/div>","protected":false},"excerpt":{"rendered":"Adresse Quartier Bastos, entr\u00e9e Ambassade de Chine, 2\u00e8me \u00e9tage immeuble Icon Residence & Offices B.P. 35 303 Yaound\u00e9, Cameroun info@elite-capitalgroup.com +237 222 207 611 lkfbtw FORMULAIRE DE CONTACT Comment pouvons-nous vous aider ? Votre nom Votre email Sujet Votre message &#916;","protected":false},"author":4,"featured_media":0,"parent":0,"menu_order":0,"comment_status":"closed","ping_status":"closed","template":"","meta":{"footnotes":""},"class_list":["post-967","page","type-page","status-publish","hentry"],"yoast_head":"<!-- This site is optimized with the Yoast SEO plugin v27.6 - https:\/\/yoast.com\/product\/yoast-seo-wordpress\/ -->\n<title>Contact - ELITE CAPITAL ASSET MANAGEMENT S.A.<\/title>\n<meta name=\"robots\" content=\"noindex, follow, max-snippet:-1, max-image-preview:large, max-video-preview:-1\" \/>\n<meta property=\"og:locale\" content=\"en_GB\" \/>\n<meta property=\"og:type\" content=\"article\" \/>\n<meta property=\"og:title\" content=\"Contact - ELITE CAPITAL ASSET MANAGEMENT S.A.\" \/>\n<meta property=\"og:url\" content=\"https:\/\/www.elite-capitalgroup.com\/elcam\/en\/contact\/\" \/>\n<meta property=\"og:site_name\" content=\"ELITE CAPITAL ASSET MANAGEMENT S.A.\" \/>\n<meta property=\"article:publisher\" content=\"https:\/\/www.facebook.com\/elitecapitalasset\/\" \/>\n<meta property=\"article:modified_time\" content=\"2023-12-01T16:47:14+00:00\" \/>\n<meta name=\"twitter:card\" content=\"summary_large_image\" \/>\n<meta name=\"twitter:label1\" content=\"Estimated reading time\" \/>\n\t<meta name=\"twitter:data1\" content=\"1 minute\" \/>\n<script type=\"application\/ld+json\" class=\"yoast-schema-graph\">{\"@context\":\"https:\\\/\\\/schema.org\",\"@graph\":[{\"@type\":\"WebPage\",\"@id\":\"https:\\\/\\\/www.elite-capitalgroup.com\\\/elcam\\\/contact\\\/\",\"url\":\"https:\\\/\\\/www.elite-capitalgroup.com\\\/elcam\\\/contact\\\/\",\"name\":\"Contact - ELITE CAPITAL ASSET MANAGEMENT S.A.\",\"isPartOf\":{\"@id\":\"https:\\\/\\\/www.elite-capitalgroup.com\\\/elcam\\\/#website\"},\"datePublished\":\"2019-03-15T06:27:33+00:00\",\"dateModified\":\"2023-12-01T16:47:14+00:00\",\"breadcrumb\":{\"@id\":\"https:\\\/\\\/www.elite-capitalgroup.com\\\/elcam\\\/contact\\\/#breadcrumb\"},\"inLanguage\":\"en-GB\",\"potentialAction\":[{\"@type\":\"ReadAction\",\"target\":[\"https:\\\/\\\/www.elite-capitalgroup.com\\\/elcam\\\/contact\\\/\"]}]},{\"@type\":\"BreadcrumbList\",\"@id\":\"https:\\\/\\\/www.elite-capitalgroup.com\\\/elcam\\\/contact\\\/#breadcrumb\",\"itemListElement\":[{\"@type\":\"ListItem\",\"position\":1,\"name\":\"Accueil\",\"item\":\"https:\\\/\\\/www.elite-capitalgroup.com\\\/elcam\\\/\"},{\"@type\":\"ListItem\",\"position\":2,\"name\":\"Contact\"}]},{\"@type\":\"WebSite\",\"@id\":\"https:\\\/\\\/www.elite-capitalgroup.com\\\/elcam\\\/#website\",\"url\":\"https:\\\/\\\/www.elite-capitalgroup.com\\\/elcam\\\/\",\"name\":\"ELITE CAPITAL ASSET MANAGEMENT S.A.\",\"description\":\"Nous d\u00e9veloppons votre patrimoine financier\",\"publisher\":{\"@id\":\"https:\\\/\\\/www.elite-capitalgroup.com\\\/elcam\\\/#organization\"},\"potentialAction\":[{\"@type\":\"SearchAction\",\"target\":{\"@type\":\"EntryPoint\",\"urlTemplate\":\"https:\\\/\\\/www.elite-capitalgroup.com\\\/elcam\\\/?s={search_term_string}\"},\"query-input\":{\"@type\":\"PropertyValueSpecification\",\"valueRequired\":true,\"valueName\":\"search_term_string\"}}],\"inLanguage\":\"en-GB\"},{\"@type\":\"Organization\",\"@id\":\"https:\\\/\\\/www.elite-capitalgroup.com\\\/elcam\\\/#organization\",\"name\":\"ELITE CAPITAL ASSET MANAGEMENT\",\"url\":\"https:\\\/\\\/www.elite-capitalgroup.com\\\/elcam\\\/\",\"logo\":{\"@type\":\"ImageObject\",\"inLanguage\":\"en-GB\",\"@id\":\"https:\\\/\\\/www.elite-capitalgroup.com\\\/elcam\\\/#\\\/schema\\\/logo\\\/image\\\/\",\"url\":\"https:\\\/\\\/i0.wp.com\\\/elitecapital-asset.com\\\/wp-content\\\/uploads\\\/2022\\\/02\\\/logo-baseline.png?fit=220%2C51&ssl=1\",\"contentUrl\":\"https:\\\/\\\/i0.wp.com\\\/elitecapital-asset.com\\\/wp-content\\\/uploads\\\/2022\\\/02\\\/logo-baseline.png?fit=220%2C51&ssl=1\",\"width\":220,\"height\":51,\"caption\":\"ELITE CAPITAL ASSET MANAGEMENT\"},\"image\":{\"@id\":\"https:\\\/\\\/www.elite-capitalgroup.com\\\/elcam\\\/#\\\/schema\\\/logo\\\/image\\\/\"},\"sameAs\":[\"https:\\\/\\\/www.facebook.com\\\/elitecapitalasset\\\/\",\"https:\\\/\\\/www.linkedin.com\\\/company\\\/elite-capital-asset-management-s-a\\\/\"]}]}<\/script>\n<!-- \/ Yoast SEO plugin. -->","yoast_head_json":{"title":"Contact - ELITE CAPITAL ASSET MANAGEMENT S.A.","robots":{"index":"noindex","follow":"follow","max-snippet":"max-snippet:-1","max-image-preview":"max-image-preview:large","max-video-preview":"max-video-preview:-1"},"og_locale":"en_GB","og_type":"article","og_title":"Contact - ELITE CAPITAL ASSET MANAGEMENT S.A.","og_url":"https:\/\/www.elite-capitalgroup.com\/elcam\/en\/contact\/","og_site_name":"ELITE CAPITAL ASSET MANAGEMENT S.A.","article_publisher":"https:\/\/www.facebook.com\/elitecapitalasset\/","article_modified_time":"2023-12-01T16:47:14+00:00","twitter_card":"summary_large_image","twitter_misc":{"Estimated reading time":"1 minute"},"schema":{"@context":"https:\/\/schema.org","@graph":[{"@type":"WebPage","@id":"https:\/\/www.elite-capitalgroup.com\/elcam\/contact\/","url":"https:\/\/www.elite-capitalgroup.com\/elcam\/contact\/","name":"Contact - ELITE CAPITAL ASSET MANAGEMENT S.A.","isPartOf":{"@id":"https:\/\/www.elite-capitalgroup.com\/elcam\/#website"},"datePublished":"2019-03-15T06:27:33+00:00","dateModified":"2023-12-01T16:47:14+00:00","breadcrumb":{"@id":"https:\/\/www.elite-capitalgroup.com\/elcam\/contact\/#breadcrumb"},"inLanguage":"en-GB","potentialAction":[{"@type":"ReadAction","target":["https:\/\/www.elite-capitalgroup.com\/elcam\/contact\/"]}]},{"@type":"BreadcrumbList","@id":"https:\/\/www.elite-capitalgroup.com\/elcam\/contact\/#breadcrumb","itemListElement":[{"@type":"ListItem","position":1,"name":"Accueil","item":"https:\/\/www.elite-capitalgroup.com\/elcam\/"},{"@type":"ListItem","position":2,"name":"Contact"}]},{"@type":"WebSite","@id":"https:\/\/www.elite-capitalgroup.com\/elcam\/#website","url":"https:\/\/www.elite-capitalgroup.com\/elcam\/","name":"ELITE CAPITAL ASSET MANAGEMENT S.A.","description":"Nous d\u00e9veloppons votre patrimoine financier","publisher":{"@id":"https:\/\/www.elite-capitalgroup.com\/elcam\/#organization"},"potentialAction":[{"@type":"SearchAction","target":{"@type":"EntryPoint","urlTemplate":"https:\/\/www.elite-capitalgroup.com\/elcam\/?s={search_term_string}"},"query-input":{"@type":"PropertyValueSpecification","valueRequired":true,"valueName":"search_term_string"}}],"inLanguage":"en-GB"},{"@type":"Organization","@id":"https:\/\/www.elite-capitalgroup.com\/elcam\/#organization","name":"ELITE CAPITAL ASSET MANAGEMENT","url":"https:\/\/www.elite-capitalgroup.com\/elcam\/","logo":{"@type":"ImageObject","inLanguage":"en-GB","@id":"https:\/\/www.elite-capitalgroup.com\/elcam\/#\/schema\/logo\/image\/","url":"https:\/\/i0.wp.com\/elitecapital-asset.com\/wp-content\/uploads\/2022\/02\/logo-baseline.png?fit=220%2C51&ssl=1","contentUrl":"https:\/\/i0.wp.com\/elitecapital-asset.com\/wp-content\/uploads\/2022\/02\/logo-baseline.png?fit=220%2C51&ssl=1","width":220,"height":51,"caption":"ELITE CAPITAL ASSET MANAGEMENT"},"image":{"@id":"https:\/\/www.elite-capitalgroup.com\/elcam\/#\/schema\/logo\/image\/"},"sameAs":["https:\/\/www.facebook.com\/elitecapitalasset\/","https:\/\/www.linkedin.com\/company\/elite-capital-asset-management-s-a\/"]}]}},"jetpack_shortlink":"https:\/\/wp.me\/PeLvhJ-fB","jetpack_sharing_enabled":true,"_links":{"self":[{"href":"https:\/\/www.elite-capitalgroup.com\/elcam\/en\/wp-json\/wp\/v2\/pages\/967","targetHints":{"allow":["GET"]}}],"collection":[{"href":"https:\/\/www.elite-capitalgroup.com\/elcam\/en\/wp-json\/wp\/v2\/pages"}],"about":[{"href":"https:\/\/www.elite-capitalgroup.com\/elcam\/en\/wp-json\/wp\/v2\/types\/page"}],"author":[{"embeddable":true,"href":"https:\/\/www.elite-capitalgroup.com\/elcam\/en\/wp-json\/wp\/v2\/users\/4"}],"replies":[{"embeddable":true,"href":"https:\/\/www.elite-capitalgroup.com\/elcam\/en\/wp-json\/wp\/v2\/comments?post=967"}],"version-history":[{"count":5,"href":"https:\/\/www.elite-capitalgroup.com\/elcam\/en\/wp-json\/wp\/v2\/pages\/967\/revisions"}],"predecessor-version":[{"id":2734,"href":"https:\/\/www.elite-capitalgroup.com\/elcam\/en\/wp-json\/wp\/v2\/pages\/967\/revisions\/2734"}],"wp:attachment":[{"href":"https:\/\/www.elite-capitalgroup.com\/elcam\/en\/wp-json\/wp\/v2\/media?parent=967"}],"curies":[{"name":"wp","href":"https:\/\/api.w.org\/{rel}","templated":true}]}}