{"id":3,"date":"2022-02-02T13:38:28","date_gmt":"2022-02-02T12:38:28","guid":{"rendered":"https:\/\/www.elite-capitalgroup.com\/elcam\/?page_id=3"},"modified":"2022-03-17T12:35:06","modified_gmt":"2022-03-17T11:35:06","slug":"termes-conditions","status":"publish","type":"page","link":"https:\/\/www.elite-capitalgroup.com\/elcam\/termes-conditions\/","title":{"rendered":"Termes &#038; conditions"},"content":{"rendered":"<div class=\"wpb-content-wrapper\"><section class=\"wpb_row vc_row-fluid\"><div class=\"container\"><div class=\"vc_row\"><div class=\"wpb_column vc_column_container vc_col-sm-12\"><div class=\"vc_column-inner\"><div class=\"wpb_wrapper\">\n\t<div class=\"wpb_text_column wpb_content_element vc_custom_1647516899761\" >\n\t\t<div class=\"wpb_wrapper\">\n\t\t\t<p>Derni\u00e8re mise \u00e0 jour\u00a0: 15 mars 2022<\/p>\n<p>Veuillez lire attentivement les pr\u00e9sentes conditions d\u2019utilisation (\u00ab Conditions \u00bb, \u00ab Conditions d\u2019utilisation \u00bb) avant d\u2019utiliser le site Web https:\/\/www.hituse.com\/ecg\/elcam (le \u00ab Service \u00bb) exploit\u00e9 par ELITE CAPITAL ASSET MANAGEMENT (\u00ab nous \u00bb, \u00ab nous \u00bb, ou \u00ab notre \u00bb).<\/p>\n<p>Votre acc\u00e8s et votre utilisation du Service sont conditionn\u00e9s par votre acceptation et votre respect des pr\u00e9sentes Conditions. Ces Conditions s\u2019appliquent \u00e0 tous les visiteurs, utilisateurs et autres qui acc\u00e8dent ou utilisent le Service.<\/p>\n<p>En acc\u00e9dant ou en utilisant le Service, vous acceptez d\u2019\u00eatre li\u00e9 par ces Conditions. Si vous n\u2019\u00eates pas d\u2019accord avec une partie des conditions, vous ne pouvez pas acc\u00e9der au service.<\/p>\n<h2>Propri\u00e9t\u00e9 intellectuelle<\/h2>\n<p>Le Service et son contenu original, ses caract\u00e9ristiques et ses fonctionnalit\u00e9s sont et resteront la propri\u00e9t\u00e9 exclusive d\u2019ELITE CAPITAL ASSET MANAGEMENT et de ses conc\u00e9dants.<\/p>\n<h2>Liens vers d\u2019autres sites Web<\/h2>\n<p>Notre service peut contenir des liens vers des sites Web ou des services tiers qui ne sont ni d\u00e9tenus ni contr\u00f4l\u00e9s par ELITE CAPITAL ASSET MANAGEMENT.<\/p>\n<p>ELITE CAPITAL ASSET MANAGEMENT n\u2019a aucun contr\u00f4le sur le contenu, les politiques de confidentialit\u00e9 ou les pratiques des sites Web ou services tiers et n\u2019assume aucune responsabilit\u00e9 \u00e0 leur \u00e9gard. Vous reconnaissez et acceptez en outre qu\u2019ELITE CAPITAL ASSET MANAGEMENT ne sera pas responsable, directement ou indirectement, de tout dommage ou perte caus\u00e9 ou pr\u00e9sum\u00e9 avoir \u00e9t\u00e9 caus\u00e9 par ou en relation avec l\u2019utilisation ou la confiance accord\u00e9e \u00e0 ces contenus, biens ou services disponibles. sur ou via ces sites Web ou services.<\/p>\n<p>Nous vous conseillons vivement de lire les termes et conditions et les politiques de confidentialit\u00e9 de tous les sites Web ou services tiers que vous visitez.<\/p>\n<h2>R\u00e9siliation<\/h2>\n<p>Nous pouvons r\u00e9silier ou suspendre l\u2019acc\u00e8s \u00e0 notre Service imm\u00e9diatement, sans pr\u00e9avis ni responsabilit\u00e9, pour quelque raison que ce soit, y compris, sans s\u2019y limiter, si vous enfreignez les Conditions.<\/p>\n<p>Toutes les dispositions des Conditions qui, de par leur nature, devraient survivre \u00e0 la r\u00e9siliation survivront \u00e0 la r\u00e9siliation, y compris, sans s\u2019y limiter, les dispositions relatives \u00e0 la propri\u00e9t\u00e9, les exclusions de garantie, l\u2019indemnisation et les limitations de responsabilit\u00e9.<\/p>\n<h2>Avertissement<\/h2>\n<p>Votre utilisation du Service est \u00e0 vos risques et p\u00e9rils. Le Service est fourni sur une base \u00ab TEL QUEL \u00bb et \u00ab TEL QUE DISPONIBLE \u00bb. Le Service est fourni sans garantie d\u2019aucune sorte, expresse ou implicite, y compris, mais sans s\u2019y limiter, les garanties implicites de qualit\u00e9 marchande, d\u2019ad\u00e9quation \u00e0 un usage particulier, de non-contrefa\u00e7on ou de performance.<\/p>\n<h2>Droit applicable<\/h2>\n<p>Les pr\u00e9sentes Conditions sont r\u00e9gies et interpr\u00e9t\u00e9es conform\u00e9ment aux lois du Cameroun, sans \u00e9gard \u00e0 ses dispositions en mati\u00e8re de conflit de lois.<\/p>\n<p>Notre incapacit\u00e9 \u00e0 faire respecter un droit ou une disposition des pr\u00e9sentes Conditions ne sera pas consid\u00e9r\u00e9e comme une renonciation \u00e0 ces droits. Si une disposition des pr\u00e9sentes Conditions est jug\u00e9e invalide ou inapplicable par un tribunal, les autres dispositions des pr\u00e9sentes Conditions resteront en vigueur. Ces conditions constituent l\u2019int\u00e9gralit\u00e9 de l\u2019accord entre nous concernant notre service, et annulent et remplacent tout accord ant\u00e9rieur que nous pourrions avoir entre nous concernant le service.<\/p>\n<h2>Changements<\/h2>\n<p>Nous nous r\u00e9servons le droit, \u00e0 notre seule discr\u00e9tion, de modifier ou de remplacer ces Conditions \u00e0 tout moment. Si une r\u00e9vision est importante, nous essaierons de fournir un pr\u00e9avis d\u2019au moins 30 jours avant l\u2019entr\u00e9e en vigueur de nouvelles conditions. Ce qui constitue un changement important sera d\u00e9termin\u00e9 \u00e0 notre seule discr\u00e9tion.<\/p>\n<p>En continuant \u00e0 acc\u00e9der ou \u00e0 utiliser notre Service apr\u00e8s l\u2019entr\u00e9e en vigueur de ces r\u00e9visions, vous acceptez d\u2019\u00eatre li\u00e9 par les conditions r\u00e9vis\u00e9es. Si vous n\u2019acceptez pas les nouvelles conditions, veuillez cesser d\u2019utiliser le Service.<br \/>\nNous contacter<\/p>\n<p>Si vous avez des questions sur ces conditions, veuillez <a href=\"https:\/\/www.elite-capitalgroup.com\/elcam\/contact\/\">nous contacter<\/a>.<\/p>\n\n\t\t<\/div>\n\t<\/div>\n<\/div><\/div><\/div><\/div><\/div><\/section>\n<\/div>","protected":false},"excerpt":{"rendered":"Derni\u00e8re mise \u00e0 jour\u00a0: 15 mars 2022 Veuillez lire attentivement les pr\u00e9sentes conditions d'utilisation (\u00ab Conditions \u00bb, \u00ab Conditions d'utilisation \u00bb) avant d'utiliser le site Web https:\/\/www.hituse.com\/ecg\/elcam (le \u00ab Service \u00bb) exploit\u00e9 par ELITE CAPITAL ASSET MANAGEMENT (\u00ab nous \u00bb, \u00ab nous \u00bb, ou \u00ab notre \u00bb). Votre acc\u00e8s et votre utilisation du Service sont [...]","protected":false},"author":4,"featured_media":0,"parent":0,"menu_order":0,"comment_status":"closed","ping_status":"closed","template":"","meta":{"footnotes":""},"class_list":["post-3","page","type-page","status-publish","hentry"],"yoast_head":"<!-- This site is optimized with the Yoast SEO plugin v27.6 - https:\/\/yoast.com\/product\/yoast-seo-wordpress\/ -->\n<title>Termes &amp; conditions - ELITE CAPITAL ASSET MANAGEMENT S.A.<\/title>\n<meta name=\"robots\" content=\"noindex, follow, max-snippet:-1, max-image-preview:large, max-video-preview:-1\" \/>\n<meta property=\"og:locale\" content=\"fr_FR\" \/>\n<meta property=\"og:type\" content=\"article\" \/>\n<meta property=\"og:title\" content=\"Termes &amp; conditions - ELITE CAPITAL ASSET MANAGEMENT S.A.\" \/>\n<meta property=\"og:url\" content=\"https:\/\/www.elite-capitalgroup.com\/elcam\/termes-conditions\/\" \/>\n<meta property=\"og:site_name\" content=\"ELITE CAPITAL ASSET MANAGEMENT S.A.\" \/>\n<meta property=\"article:publisher\" content=\"https:\/\/www.facebook.com\/elitecapitalasset\/\" \/>\n<meta property=\"article:modified_time\" content=\"2022-03-17T11:35:06+00:00\" \/>\n<meta name=\"twitter:card\" content=\"summary_large_image\" \/>\n<meta name=\"twitter:label1\" content=\"Dur\u00e9e de lecture estim\u00e9e\" \/>\n\t<meta name=\"twitter:data1\" content=\"3 minutes\" \/>\n<script type=\"application\/ld+json\" class=\"yoast-schema-graph\">{\"@context\":\"https:\\\/\\\/schema.org\",\"@graph\":[{\"@type\":\"WebPage\",\"@id\":\"https:\\\/\\\/www.elite-capitalgroup.com\\\/elcam\\\/termes-conditions\\\/\",\"url\":\"https:\\\/\\\/www.elite-capitalgroup.com\\\/elcam\\\/termes-conditions\\\/\",\"name\":\"Termes & conditions - ELITE CAPITAL ASSET MANAGEMENT S.A.\",\"isPartOf\":{\"@id\":\"https:\\\/\\\/www.elite-capitalgroup.com\\\/elcam\\\/#website\"},\"datePublished\":\"2022-02-02T12:38:28+00:00\",\"dateModified\":\"2022-03-17T11:35:06+00:00\",\"breadcrumb\":{\"@id\":\"https:\\\/\\\/www.elite-capitalgroup.com\\\/elcam\\\/termes-conditions\\\/#breadcrumb\"},\"inLanguage\":\"fr-FR\",\"potentialAction\":[{\"@type\":\"ReadAction\",\"target\":[\"https:\\\/\\\/www.elite-capitalgroup.com\\\/elcam\\\/termes-conditions\\\/\"]}]},{\"@type\":\"BreadcrumbList\",\"@id\":\"https:\\\/\\\/www.elite-capitalgroup.com\\\/elcam\\\/termes-conditions\\\/#breadcrumb\",\"itemListElement\":[{\"@type\":\"ListItem\",\"position\":1,\"name\":\"Accueil\",\"item\":\"https:\\\/\\\/www.elite-capitalgroup.com\\\/elcam\\\/\"},{\"@type\":\"ListItem\",\"position\":2,\"name\":\"Termes &#038; conditions\"}]},{\"@type\":\"WebSite\",\"@id\":\"https:\\\/\\\/www.elite-capitalgroup.com\\\/elcam\\\/#website\",\"url\":\"https:\\\/\\\/www.elite-capitalgroup.com\\\/elcam\\\/\",\"name\":\"ELITE CAPITAL ASSET MANAGEMENT S.A.\",\"description\":\"Nous d\u00e9veloppons votre patrimoine financier\",\"publisher\":{\"@id\":\"https:\\\/\\\/www.elite-capitalgroup.com\\\/elcam\\\/#organization\"},\"potentialAction\":[{\"@type\":\"SearchAction\",\"target\":{\"@type\":\"EntryPoint\",\"urlTemplate\":\"https:\\\/\\\/www.elite-capitalgroup.com\\\/elcam\\\/?s={search_term_string}\"},\"query-input\":{\"@type\":\"PropertyValueSpecification\",\"valueRequired\":true,\"valueName\":\"search_term_string\"}}],\"inLanguage\":\"fr-FR\"},{\"@type\":\"Organization\",\"@id\":\"https:\\\/\\\/www.elite-capitalgroup.com\\\/elcam\\\/#organization\",\"name\":\"ELITE CAPITAL ASSET MANAGEMENT\",\"url\":\"https:\\\/\\\/www.elite-capitalgroup.com\\\/elcam\\\/\",\"logo\":{\"@type\":\"ImageObject\",\"inLanguage\":\"fr-FR\",\"@id\":\"https:\\\/\\\/www.elite-capitalgroup.com\\\/elcam\\\/#\\\/schema\\\/logo\\\/image\\\/\",\"url\":\"https:\\\/\\\/i0.wp.com\\\/elitecapital-asset.com\\\/wp-content\\\/uploads\\\/2022\\\/02\\\/logo-baseline.png?fit=220%2C51&ssl=1\",\"contentUrl\":\"https:\\\/\\\/i0.wp.com\\\/elitecapital-asset.com\\\/wp-content\\\/uploads\\\/2022\\\/02\\\/logo-baseline.png?fit=220%2C51&ssl=1\",\"width\":220,\"height\":51,\"caption\":\"ELITE CAPITAL ASSET MANAGEMENT\"},\"image\":{\"@id\":\"https:\\\/\\\/www.elite-capitalgroup.com\\\/elcam\\\/#\\\/schema\\\/logo\\\/image\\\/\"},\"sameAs\":[\"https:\\\/\\\/www.facebook.com\\\/elitecapitalasset\\\/\",\"https:\\\/\\\/www.linkedin.com\\\/company\\\/elite-capital-asset-management-s-a\\\/\"]}]}<\/script>\n<!-- \/ Yoast SEO plugin. -->","yoast_head_json":{"title":"Termes & conditions - ELITE CAPITAL ASSET MANAGEMENT S.A.","robots":{"index":"noindex","follow":"follow","max-snippet":"max-snippet:-1","max-image-preview":"max-image-preview:large","max-video-preview":"max-video-preview:-1"},"og_locale":"fr_FR","og_type":"article","og_title":"Termes & conditions - ELITE CAPITAL ASSET MANAGEMENT S.A.","og_url":"https:\/\/www.elite-capitalgroup.com\/elcam\/termes-conditions\/","og_site_name":"ELITE CAPITAL ASSET MANAGEMENT S.A.","article_publisher":"https:\/\/www.facebook.com\/elitecapitalasset\/","article_modified_time":"2022-03-17T11:35:06+00:00","twitter_card":"summary_large_image","twitter_misc":{"Dur\u00e9e de lecture estim\u00e9e":"3 minutes"},"schema":{"@context":"https:\/\/schema.org","@graph":[{"@type":"WebPage","@id":"https:\/\/www.elite-capitalgroup.com\/elcam\/termes-conditions\/","url":"https:\/\/www.elite-capitalgroup.com\/elcam\/termes-conditions\/","name":"Termes & conditions - ELITE CAPITAL ASSET MANAGEMENT S.A.","isPartOf":{"@id":"https:\/\/www.elite-capitalgroup.com\/elcam\/#website"},"datePublished":"2022-02-02T12:38:28+00:00","dateModified":"2022-03-17T11:35:06+00:00","breadcrumb":{"@id":"https:\/\/www.elite-capitalgroup.com\/elcam\/termes-conditions\/#breadcrumb"},"inLanguage":"fr-FR","potentialAction":[{"@type":"ReadAction","target":["https:\/\/www.elite-capitalgroup.com\/elcam\/termes-conditions\/"]}]},{"@type":"BreadcrumbList","@id":"https:\/\/www.elite-capitalgroup.com\/elcam\/termes-conditions\/#breadcrumb","itemListElement":[{"@type":"ListItem","position":1,"name":"Accueil","item":"https:\/\/www.elite-capitalgroup.com\/elcam\/"},{"@type":"ListItem","position":2,"name":"Termes &#038; conditions"}]},{"@type":"WebSite","@id":"https:\/\/www.elite-capitalgroup.com\/elcam\/#website","url":"https:\/\/www.elite-capitalgroup.com\/elcam\/","name":"ELITE CAPITAL ASSET MANAGEMENT S.A.","description":"Nous d\u00e9veloppons votre patrimoine financier","publisher":{"@id":"https:\/\/www.elite-capitalgroup.com\/elcam\/#organization"},"potentialAction":[{"@type":"SearchAction","target":{"@type":"EntryPoint","urlTemplate":"https:\/\/www.elite-capitalgroup.com\/elcam\/?s={search_term_string}"},"query-input":{"@type":"PropertyValueSpecification","valueRequired":true,"valueName":"search_term_string"}}],"inLanguage":"fr-FR"},{"@type":"Organization","@id":"https:\/\/www.elite-capitalgroup.com\/elcam\/#organization","name":"ELITE CAPITAL ASSET MANAGEMENT","url":"https:\/\/www.elite-capitalgroup.com\/elcam\/","logo":{"@type":"ImageObject","inLanguage":"fr-FR","@id":"https:\/\/www.elite-capitalgroup.com\/elcam\/#\/schema\/logo\/image\/","url":"https:\/\/i0.wp.com\/elitecapital-asset.com\/wp-content\/uploads\/2022\/02\/logo-baseline.png?fit=220%2C51&ssl=1","contentUrl":"https:\/\/i0.wp.com\/elitecapital-asset.com\/wp-content\/uploads\/2022\/02\/logo-baseline.png?fit=220%2C51&ssl=1","width":220,"height":51,"caption":"ELITE CAPITAL ASSET MANAGEMENT"},"image":{"@id":"https:\/\/www.elite-capitalgroup.com\/elcam\/#\/schema\/logo\/image\/"},"sameAs":["https:\/\/www.facebook.com\/elitecapitalasset\/","https:\/\/www.linkedin.com\/company\/elite-capital-asset-management-s-a\/"]}]}},"jetpack_shortlink":"https:\/\/wp.me\/PeLvhJ-3","jetpack_sharing_enabled":true,"_links":{"self":[{"href":"https:\/\/www.elite-capitalgroup.com\/elcam\/wp-json\/wp\/v2\/pages\/3","targetHints":{"allow":["GET"]}}],"collection":[{"href":"https:\/\/www.elite-capitalgroup.com\/elcam\/wp-json\/wp\/v2\/pages"}],"about":[{"href":"https:\/\/www.elite-capitalgroup.com\/elcam\/wp-json\/wp\/v2\/types\/page"}],"author":[{"embeddable":true,"href":"https:\/\/www.elite-capitalgroup.com\/elcam\/wp-json\/wp\/v2\/users\/4"}],"replies":[{"embeddable":true,"href":"https:\/\/www.elite-capitalgroup.com\/elcam\/wp-json\/wp\/v2\/comments?post=3"}],"version-history":[{"count":0,"href":"https:\/\/www.elite-capitalgroup.com\/elcam\/wp-json\/wp\/v2\/pages\/3\/revisions"}],"wp:attachment":[{"href":"https:\/\/www.elite-capitalgroup.com\/elcam\/wp-json\/wp\/v2\/media?parent=3"}],"curies":[{"name":"wp","href":"https:\/\/api.w.org\/{rel}","templated":true}]}}