{"id":1478,"date":"2017-02-09T14:09:06","date_gmt":"2017-02-09T13:09:06","guid":{"rendered":"http:\/\/consult.loc\/?page_id=1478"},"modified":"2023-12-01T15:04:19","modified_gmt":"2023-12-01T14:04:19","slug":"contact","status":"publish","type":"page","link":"https:\/\/www.elite-capitalgroup.com\/en\/contact\/","title":{"rendered":"Contact"},"content":{"rendered":"<div class=\"wpb-content-wrapper\"><div class=\"vc_row wpb_row vc_row-fluid vc_custom_1485429758182\"><div class=\"wpb_column vc_column_container vc_col-sm-12\"><div class=\"vc_column-inner\"><div class=\"wpb_wrapper\">\n\t<div class=\"wpb_text_column wpb_content_element\" >\n\t\t<div class=\"wpb_wrapper\">\n\t\t\t<p><span style=\"color: #444444; font-size: 16px; letter-spacing: -0.4px;\">Please let us know if you have any questions, want to leave comments, or want more information about our services.<\/span><\/p>\n\n\t\t<\/div>\n\t<\/div>\n<\/div><\/div><\/div><\/div><div class=\"vc_row wpb_row vc_row-fluid vc_custom_1485430310469\"><div class=\"wpb_column vc_column_container vc_col-sm-12 vc_col-lg-3 vc_col-md-6\"><div class=\"vc_column-inner\"><div class=\"wpb_wrapper\">\n\n    <div class=\"icon_box  style_3 clearfix\">\n    <div class=\"icon_box_inner\">\n                    <div class=\"icon  font-color_default font-color_base_bg border-color_third\"><i\n                        style=\"font-size:16px;  line-height: 48px; \"\n                        class=\"stm-phone_13_2\"><\/i><\/div>\n                            <div class=\"icon_text\">\n                <p style=\"font-weight: 400; letter-spacing: -0.40px;\"><span style=\"color: #595959;\">Calls<\/span><br \/>\n<span style=\"font-size: 18px; color: #1a1a1a;\">(+237) 222 207 611<br \/>\n<\/span><\/p>\n            <\/div>\n            <\/div>\n    <\/div>\n<\/div><\/div><\/div><div class=\"wpb_column vc_column_container vc_col-sm-12 vc_col-lg-3 vc_col-md-6\"><div class=\"vc_column-inner\"><div class=\"wpb_wrapper\">\n\n    <div class=\"icon_box  style_3 clearfix\">\n    <div class=\"icon_box_inner\">\n                    <div class=\"icon  font-color_default font-color_base_bg border-color_third\"><i\n                        style=\"font-size:16px;  line-height: 48px; \"\n                        class=\"stm-whatsapp\"><\/i><\/div>\n                            <div class=\"icon_text\">\n                <p style=\"font-weight: 400; letter-spacing: -0.40px;\"><span style=\"color: #595959;\">WhatsApp<\/span><br \/>\n<span style=\"font-size: 18px; color: #1a1a1a;\">(+237) 222 207 611<br \/>\n<\/span><\/p>\n            <\/div>\n            <\/div>\n    <\/div>\n<\/div><\/div><\/div><div class=\"wpb_column vc_column_container vc_col-sm-12 vc_col-lg-3 vc_col-md-6\"><div class=\"vc_column-inner\"><div class=\"wpb_wrapper\">\n\n    <div class=\"icon_box  style_3 clearfix\">\n    <div class=\"icon_box_inner\">\n                    <div class=\"icon  font-color_default font-color_base_bg border-color_third\"><i\n                        style=\"font-size:16px;  line-height: 48px; \"\n                        class=\"fas fa-inbox\"><\/i><\/div>\n                            <div class=\"icon_text\">\n                <p style=\"font-weight: 400; letter-spacing: -0.40px;\"><span style=\"color: #595959;\">For all your questions<\/span><br \/>\n<span style=\"font-size: 14px; color: #1a1a1a;\">info@elite-capitalgroup.com<\/span><\/p>\n            <\/div>\n            <\/div>\n    <\/div>\n<\/div><\/div><\/div><div class=\"wpb_column vc_column_container vc_col-sm-12 vc_col-lg-3 vc_col-md-6\"><div class=\"vc_column-inner\"><div class=\"wpb_wrapper\">\n\n    <div class=\"icon_box  style_3 clearfix\">\n    <div class=\"icon_box_inner\">\n                    <div class=\"icon  font-color_default font-color_base_bg border-color_third\"><i\n                        style=\"font-size:16px;  line-height: 48px; \"\n                        class=\"stm-marker\"><\/i><\/div>\n                            <div class=\"icon_text\">\n                <p style=\"font-weight: 400; letter-spacing: -0.40px;\"><span style=\"color: #595959;\">Quartier Bastos, entr\u00e9e Ambassade de Chine, 2\u00e8 \u00e9tage immeuble Icon Residence &amp; Offices, Yaound\u00e9-Cameroun.<\/span><\/p>\n            <\/div>\n            <\/div>\n    <\/div>\n<\/div><\/div><\/div><\/div><div data-vc-full-width=\"true\" data-vc-full-width-init=\"false\" class=\"vc_row wpb_row vc_row-fluid vc_custom_1485495086300 vc_row-has-fill\"><div class=\"wpb_column vc_column_container vc_col-sm-12\"><div class=\"vc_column-inner\"><div class=\"wpb_wrapper\"><div class=\"vc_custom_heading vc_custom_1669390321091 text_align_left\" ><h2 style=\"font-size: 20px;line-height: 30px;text-align: left\" class=\"consulting-custom-title\">Contact form<\/h2><\/div>\n<div class=\"wpcf7 no-js\" id=\"wpcf7-f1475-o1\" lang=\"en-US\" dir=\"ltr\" data-wpcf7-id=\"1475\">\n<div class=\"screen-reader-response\"><p role=\"status\" aria-live=\"polite\" aria-atomic=\"true\"><\/p> <ul><\/ul><\/div>\n<form action=\"\/en\/wp-json\/wp\/v2\/pages\/1478#wpcf7-f1475-o1\" method=\"post\" class=\"wpcf7-form init\" aria-label=\"Contact form\" novalidate=\"novalidate\" data-status=\"init\" data-trp-original-action=\"\/en\/wp-json\/wp\/v2\/pages\/1478#wpcf7-f1475-o1\">\n<fieldset class=\"hidden-fields-container\"><input type=\"hidden\" name=\"_wpcf7\" value=\"1475\" \/><input type=\"hidden\" name=\"_wpcf7_version\" value=\"6.1.6\" \/><input type=\"hidden\" name=\"_wpcf7_locale\" value=\"en_US\" \/><input type=\"hidden\" name=\"_wpcf7_unit_tag\" value=\"wpcf7-f1475-o1\" \/><input type=\"hidden\" name=\"_wpcf7_container_post\" value=\"0\" \/><input type=\"hidden\" name=\"_wpcf7_posted_data_hash\" value=\"\" \/>\n<\/fieldset>\n<div class=\"request_callback\">\n\t<div class=\"row\">\n\t\t<div class=\"col-lg-12 col-md-12 col-sm-12 col-xs-12\">\n\t\t\t<div class=\"input-group\">\n\t\t\t\t<p><span class=\"wpcf7-form-control-wrap\" data-name=\"message\"><textarea cols=\"40\" rows=\"10\" maxlength=\"2000\" class=\"wpcf7-form-control wpcf7-textarea wpcf7-validates-as-required\" aria-required=\"true\" aria-invalid=\"false\" placeholder=\"Your message *\" name=\"message\"><\/textarea><\/span>\n\t\t\t\t<\/p>\n\t\t\t<\/div>\n\t\t<\/div>\n\t\t<div class=\"col-lg-4 col-md-4 col-sm-4 col-xs-12\">\n\t\t\t<div class=\"input-group\">\n\t\t\t\t<p><span class=\"wpcf7-form-control-wrap\" data-name=\"text-name\"><input size=\"40\" maxlength=\"400\" class=\"wpcf7-form-control wpcf7-text wpcf7-validates-as-required\" aria-required=\"true\" aria-invalid=\"false\" placeholder=\"First name *\" value=\"\" type=\"text\" name=\"text-name\" \/><\/span>\n\t\t\t\t<\/p>\n\t\t\t<\/div>\n\t\t<\/div>\n\t\t<div class=\"col-lg-4 col-md-4 col-sm-4 col-xs-12\">\n\t\t\t<div class=\"input-group\">\n\t\t\t\t<p><span class=\"wpcf7-form-control-wrap\" data-name=\"email\"><input size=\"40\" maxlength=\"400\" class=\"wpcf7-form-control wpcf7-email wpcf7-validates-as-required wpcf7-text wpcf7-validates-as-email\" aria-required=\"true\" aria-invalid=\"false\" placeholder=\"E-mail *\" value=\"\" type=\"email\" name=\"email\" \/><\/span>\n\t\t\t\t<\/p>\n\t\t\t<\/div>\n\t\t<\/div>\n\t\t<div class=\"col-lg-4 col-md-4 col-sm-4 col-xs-12\">\n\t\t\t<div class=\"input-group\">\n\t\t\t\t<p><span class=\"wpcf7-form-control-wrap\" data-name=\"subject\"><input size=\"40\" maxlength=\"400\" class=\"wpcf7-form-control wpcf7-text wpcf7-validates-as-required\" aria-required=\"true\" aria-invalid=\"false\" placeholder=\"Subject *\" value=\"\" type=\"text\" name=\"subject\" \/><\/span>\n\t\t\t\t<\/p>\n\t\t\t<\/div>\n\t\t<\/div>\n\t\t<div class=\"col-lg-12 col-md-12 col-sm-12 col-xs-12\">\n\t\t\t<div class=\"input-group\">\n\t\t\t\t<p><button type=\"submit\" class=\"button size-lg icon_right\">Submit <i class=\"fa fa-chevron-right\"><\/i><\/button>\n\t\t\t\t<\/p>\n\t\t\t<\/div>\n\t\t<\/div>\n\t<\/div>\n<\/div><div class=\"wpcf7-response-output\" aria-hidden=\"true\"><\/div>\n<input type=\"hidden\" name=\"trp-form-language\" value=\"en\"\/><\/form>\n<\/div>\n<\/div><\/div><\/div><\/div><div class=\"vc_row-full-width vc_clearfix\"><\/div>\n<\/div>","protected":false},"excerpt":{"rendered":"Merci de nous faire savoir si vous avez des questions, si vous voulez laisser des commentaires, ou si vous voulez plus d'information sur nos services. Appels (+237) 222 207 611 WhatsApp (+237) 222 207 611 Pour toutes vos questions info@elite-capitalgroup.com Quartier Bastos, entr\u00e9e Ambassade de Chine, 2\u00e8 \u00e9tage immeuble Icon Residence &amp; Offices, Yaound\u00e9-Cameroun. Formulaire","protected":false},"author":2,"featured_media":0,"parent":0,"menu_order":0,"comment_status":"closed","ping_status":"closed","template":"","meta":{"footnotes":""},"class_list":["post-1478","page","type-page","status-publish","hentry"],"_links":{"self":[{"href":"https:\/\/www.elite-capitalgroup.com\/en\/wp-json\/wp\/v2\/pages\/1478","targetHints":{"allow":["GET"]}}],"collection":[{"href":"https:\/\/www.elite-capitalgroup.com\/en\/wp-json\/wp\/v2\/pages"}],"about":[{"href":"https:\/\/www.elite-capitalgroup.com\/en\/wp-json\/wp\/v2\/types\/page"}],"author":[{"embeddable":true,"href":"https:\/\/www.elite-capitalgroup.com\/en\/wp-json\/wp\/v2\/users\/2"}],"replies":[{"embeddable":true,"href":"https:\/\/www.elite-capitalgroup.com\/en\/wp-json\/wp\/v2\/comments?post=1478"}],"version-history":[{"count":5,"href":"https:\/\/www.elite-capitalgroup.com\/en\/wp-json\/wp\/v2\/pages\/1478\/revisions"}],"predecessor-version":[{"id":7435,"href":"https:\/\/www.elite-capitalgroup.com\/en\/wp-json\/wp\/v2\/pages\/1478\/revisions\/7435"}],"wp:attachment":[{"href":"https:\/\/www.elite-capitalgroup.com\/en\/wp-json\/wp\/v2\/media?parent=1478"}],"curies":[{"name":"wp","href":"https:\/\/api.w.org\/{rel}","templated":true}]}}