{"id":1503,"date":"2017-02-09T14:30:39","date_gmt":"2017-02-09T14:30:39","guid":{"rendered":"http:\/\/consult.loc\/?page_id=1503"},"modified":"2023-02-17T09:10:27","modified_gmt":"2023-02-17T09:10:27","slug":"mot-de-lag","status":"publish","type":"page","link":"https:\/\/www.elite-capitalgroup.com\/en\/mot-de-lag\/","title":{"rendered":"Message from the General Administrator"},"content":{"rendered":"<div class=\"wpb-content-wrapper\"><div class=\"vc_row wpb_row vc_row-fluid vc_custom_1673447177119\"><div class=\"wpb_column vc_column_container vc_col-sm-12 vc_col-has-fill\"><div class=\"vc_column-inner vc_custom_1524814120178\"><div class=\"wpb_wrapper\"><div class=\"vc_row wpb_row vc_inner vc_row-fluid mobile_no_paddings vc_custom_1674738415878 vc_row-has-fill\"><div class=\"wpb_column vc_column_container vc_col-sm-12 vc_hidden-md vc_hidden-sm vc_hidden-xs\"><div class=\"vc_column-inner\"><div class=\"wpb_wrapper\"><div class=\"vc_empty_space\"   style=\"height: 112px\"><span class=\"vc_empty_space_inner\"><\/span><\/div><\/div><\/div><\/div><div class=\"mobile_no_paddings wpb_column vc_column_container vc_col-sm-12 vc_col-lg-5 vc_col-has-fill\"><div class=\"vc_column-inner vc_custom_1674738677698\"><div class=\"wpb_wrapper\">\n<div class=\"quote_box custom\" style=\"color: #ffffff\">\n            <div class=\"quote\">\n            \u201cELITE CAPITAL GROUP S.A entend s\u2019affirmer [...] en zone CEMAC [...] comme un animateur de r\u00e9f\u00e9rence du march\u00e9 financier\u201d        <\/div>\n                <div class=\"stm_contact_image\">\n            <img decoding=\"async\" class=\"\" src=\"https:\/\/www.elite-capitalgroup.com\/wp-content\/uploads\/2018\/04\/placeholder-48x48.gif\" width=\"48\" height=\"48\" alt=\"placeholder\" title=\"placeholder\" loading=\"lazy\" \/>        <\/div>\n                <div class=\"author_info\">\n            <div class=\"author_name\">\n                Mathieu EBANDA ENYEGUE            <\/div>\n            <div class=\"author_status\">\n                Administrateur G\u00e9n\u00e9ral            <\/div>\n        <\/div>\n    <\/div><\/div><\/div><\/div><div class=\"wpb_column vc_column_container vc_col-sm-7\"><div class=\"vc_column-inner\"><div class=\"wpb_wrapper\"><\/div><\/div><\/div><\/div><\/div><\/div><\/div><\/div><div data-vc-full-width=\"true\" data-vc-full-width-init=\"false\" class=\"vc_row wpb_row vc_row-fluid vc_custom_1673461163037 vc_row-has-fill\"><div class=\"wpb_column vc_column_container vc_col-sm-12\"><div class=\"vc_column-inner \"><div class=\"wpb_wrapper\"><div class=\"vc_custom_heading vc_custom_1676624758895 text_align_left has_subtitle\" id=\"mdag\"><h2 style=\"font-size: 1.5em;text-align: left;font-family:Montserrat;font-weight:700;font-style:normal\" class=\"consulting-custom-title\">L'Investissement en Capital Financier<span class=\"subtitle\" style=\"color:#d0202b\">Plus proches de vous et pour tous !<\/span><\/h2><\/div>\n\t<div class=\"wpb_text_column wpb_content_element\" >\n\t\t<div class=\"wpb_wrapper\">\n\t\t\t<p>Depuis 2021, ELITE CAPITAL GROUP, Holding financi\u00e8re sp\u00e9cialis\u00e9e dans les activit\u00e9s d\u2019investissements et de financements en zone CEMAC contribue \u00e0 la vulgarisation et \u00e0 l\u2019accessibilit\u00e9 de toutes les couches sociales aux opportunit\u00e9s qu\u2019offrent les march\u00e9s capitaux r\u00e9gionaux.<\/p>\n<p>A travers ELITE CAPITAL SECURITIES CENTRAL AFRICA S.A, filiale de la HOLDING ELITE CAPITAL GROUP, d\u00e9di\u00e9e aux activit\u00e9s de Banque d\u2019investissement, nous accompagnons les Etats, ses d\u00e9membrements et les op\u00e9rateurs \u00e9conomiques \u00e0 structurer leurs op\u00e9rations de lev\u00e9e de fonds pour la r\u00e9alisation des projets structurants par l\u2019\u00e9mission des valeurs mobili\u00e8res. Nous proposons l\u2019ouverture et la conservation des comptes titres dans nos livres.<\/p>\n<p>Le groupe dispose \u00e9galement d\u2019une filiale sp\u00e9cialis\u00e9e dans la gestion de portefeuille : ELITE CAPITAL ASSET MANAGEMENT S.A qui accompagne durablement les investisseurs publics et priv\u00e9s (entreprises, institutionnels et particuliers) dans l\u2019optimisation de leurs exc\u00e9dents de tr\u00e9sorerie par la mise en place de solutions innovantes de placements sur les march\u00e9s financiers. Le Gestionnaire d\u2019Actifs a d\u00e9ploy\u00e9 \u00e0 ce jour deux Fonds Communs de Placement dont l\u2019un mon\u00e9taire et l\u2019autre obligataire. Notre strat\u00e9gie de placement vise \u00e0 cr\u00e9er un portefeuille \u00e9quilibr\u00e9 et diversifi\u00e9 qui optimise vos revenus \u00e0 court, moyen et long terme en mitigeant les risques de perte indus.<\/p>\n<p>Nos filiales sont agr\u00e9\u00e9es \u00e0 la Commission de Surveillance du March\u00e9 Financier (COSUMAF) et notre soci\u00e9t\u00e9 de bourse admise aux op\u00e9rations du D\u00e9positaire Central Unique (BEAC).<\/p>\n<p>Dans le cadre de ses activit\u00e9s de capital investissement, ELITE CAPITAL GROUP S.A est actionnaire dans plusieurs institutions financi\u00e8res entre autres La R\u00e9gionale BANK, et la Soci\u00e9t\u00e9 Commerciale Gabonaise de R\u00e9assurance (SCG-R\u00e9) \u2026<\/p>\n<p>Gr\u00e2ce \u00e0 une \u00e9quipe de professionnels aguerris et exp\u00e9riment\u00e9s, ELITE CAPITAL GROUP entend s\u2019affirmer comme un animateur de r\u00e9f\u00e9rence des op\u00e9rations de march\u00e9s en zone CEMAC.<\/p>\n\n\t\t<\/div>\n\t<\/div>\n<div class=\"vc_empty_space  vc_custom_1673457490997\"   style=\"height: 32px\"><span class=\"vc_empty_space_inner\"><\/span><\/div><\/div><\/div><\/div><\/div><div class=\"vc_row-full-width vc_clearfix\"><\/div>\n<\/div>","protected":false},"excerpt":{"rendered":"\u201cELITE CAPITAL GROUP S.A entend s\u2019affirmer [...] en zone CEMAC [...] comme un animateur de r\u00e9f\u00e9rence du march\u00e9 financier\u201d Mathieu EBANDA ENYEGUE Administrateur G\u00e9n\u00e9ral L'Investissement en Capital FinancierPlus proches de vous et pour tous ! Depuis 2021, ELITE CAPITAL GROUP, Holding financi\u00e8re sp\u00e9cialis\u00e9e dans les activit\u00e9s d\u2019investissements et de financements en zone CEMAC contribue \u00e0","protected":false},"author":2,"featured_media":0,"parent":0,"menu_order":0,"comment_status":"closed","ping_status":"closed","template":"","meta":{"footnotes":""},"class_list":["post-1503","page","type-page","status-publish","hentry"],"_links":{"self":[{"href":"https:\/\/www.elite-capitalgroup.com\/en\/wp-json\/wp\/v2\/pages\/1503","targetHints":{"allow":["GET"]}}],"collection":[{"href":"https:\/\/www.elite-capitalgroup.com\/en\/wp-json\/wp\/v2\/pages"}],"about":[{"href":"https:\/\/www.elite-capitalgroup.com\/en\/wp-json\/wp\/v2\/types\/page"}],"author":[{"embeddable":true,"href":"https:\/\/www.elite-capitalgroup.com\/en\/wp-json\/wp\/v2\/users\/2"}],"replies":[{"embeddable":true,"href":"https:\/\/www.elite-capitalgroup.com\/en\/wp-json\/wp\/v2\/comments?post=1503"}],"version-history":[{"count":15,"href":"https:\/\/www.elite-capitalgroup.com\/en\/wp-json\/wp\/v2\/pages\/1503\/revisions"}],"predecessor-version":[{"id":7228,"href":"https:\/\/www.elite-capitalgroup.com\/en\/wp-json\/wp\/v2\/pages\/1503\/revisions\/7228"}],"wp:attachment":[{"href":"https:\/\/www.elite-capitalgroup.com\/en\/wp-json\/wp\/v2\/media?parent=1503"}],"curies":[{"name":"wp","href":"https:\/\/api.w.org\/{rel}","templated":true}]}}