{"id":1508,"date":"2017-02-10T05:47:57","date_gmt":"2017-02-10T05:47:57","guid":{"rendered":"http:\/\/consult.loc\/?page_id=1508"},"modified":"2017-02-10T05:47:57","modified_gmt":"2017-02-10T05:47:57","slug":"make-an-appointment","status":"publish","type":"page","link":"https:\/\/www.elite-capitalgroup.com\/en\/make-an-appointment\/","title":{"rendered":"Make an appointment"},"content":{"rendered":"<div class=\"wpb-content-wrapper\"><div class=\"vc_row wpb_row vc_row-fluid vc_custom_1484808671292\"><div class=\"wpb_column vc_column_container vc_col-sm-12\"><div class=\"vc_column-inner \"><div class=\"wpb_wrapper\"><div class=\"vc_custom_heading vc_custom_1604342806472 text_align_left title_no_stripe\" ><h2 style=\"text-align: left\" class=\"consulting-custom-title\">Make an appointment<\/h2><\/div>\n\t<div class=\"wpb_text_column wpb_content_element\" >\n\t\t<div class=\"wpb_wrapper\">\n\t\t\t<p>[bookit]<\/p>\n\n\t\t<\/div>\n\t<\/div>\n<div class=\"stm-spacing\" id=\"stm-spacing-69deefc68067a\"><\/div>\n<script>\n    (function($){\n        \"use strict\";\n        var spacingID = 'stm-spacing-69deefc68067a',\n            lgSpacing = '60',\n            mdSpacing = '60',\n            smSpacing = '40',\n            xsSpacing = '40';\n\n        function stmSpacing() {\n            if ( window.matchMedia(\"(min-width: 1200px)\").matches && lgSpacing ) {\n                $( '#' + spacingID ).css ( \"height\", lgSpacing );\n            } else if ( window.matchMedia(\"(max-width: 1199px) and (min-width: 992px )\").matches && mdSpacing ) {\n                $( '#' + spacingID ).css ( \"height\", mdSpacing );\n            } else if ( window.matchMedia(\"(max-width: 991px) and (min-width: 768px )\").matches && smSpacing ) {\n                $( '#' + spacingID ).css ( \"height\", smSpacing );\n            } else if ( window.matchMedia(\"(max-width: 767px)\").matches && xsSpacing ) {\n                $( '#' + spacingID ).css ( \"height\", xsSpacing );\n            } else {\n                $( '#' + spacingID ).css ( \"height\", \"\" );\n            }\n        }\n\n        $(document).ready(function() {\n            stmSpacing();\n        });\n\n        $(window).resize(function() {\n            stmSpacing();\n        });\n\n    })(jQuery);\n<\/script><div class=\"vc_custom_heading vc_custom_1604342815736 text_align_left title_no_stripe\" ><h2 style=\"text-align: left\" class=\"consulting-custom-title\">Meet our staff<\/h2><\/div>\n    \n<div class=\"staff_carousel_container \">\n            <div class=\"staff_carousel_arrows\">\n            <div class=\"staff_carousel_arrows_inner\"><\/div>\n        <\/div>\n        <div class=\"staff_carousel-box\">\n        <div class=\"staff_carousel\" id=\"staff_carousel_69deefc680971\">\n                            <div class=\"staff_carousel_item\">\n                                            <div class=\"staff_image\">\n                            <a href=\"https:\/\/www.elite-capitalgroup.com\/en\/?p=461\">\n                                <img loading=\"lazy\" decoding=\"async\" width=\"250\" height=\"250\" src=\"https:\/\/www.elite-capitalgroup.com\/wp-content\/uploads\/2016\/01\/Sizeup-Mathieu-EBANDA-Administrateur-General.jpg\" class=\"attachment-consulting-image-350x250-croped size-consulting-image-350x250-croped wp-post-image\" alt=\"\" \/>                            <\/a>\n                        <\/div>\n                                        <div class=\"staff_info\">\n                        <h5 class=\"no_stripe\">\n                            <a href=\"https:\/\/www.elite-capitalgroup.com\/en\/?p=461\" class=\"text_decoration_none secondary_font_color_hv\">Mathieu Ebanda Enyegue<\/a>\n                        <\/h5>\n                                                    <div class=\"staff_department\">\n                                Administrateur G\u00e9n\u00e9ral                            <\/div>\n                                            <\/div>\n                <\/div>\n                        <\/div>\n    <\/div>\n<\/div>\n\n<script type=\"text\/javascript\">\n    jQuery(document).ready(function ($) {\n        \"use strict\";\n        var staff_carousel_69deefc680971 =\n        $(\"#staff_carousel_69deefc680971\");\n        var slickRtl = false;\n\n        if ($('body').hasClass('rtl')) {\n            slickRtl = true;\n        }\n\n        \n        staff_carousel_69deefc680971.\n        slick({\n            rtl: slickRtl,\n            dots: false,\n            infinite: true,\n                        appendArrows: '.staff_carousel_arrows_inner',\n            prevArrow: \"<div class=\\\"slick_prev\\\"><i class=\\\"fa fa-chevron-left\\\"><\/i><\/div>\",\n            nextArrow: \"<div class=\\\"slick_next\\\"><i class=\\\"fa fa-chevron-right\\\"><\/i><\/div>\",\n                        'arrows': true,\n            slidesToShow: 4,\n            cssEase: \"cubic-bezier(0.455, 0.030, 0.515, 0.955)\",\n            responsive: [\n                {\n                    breakpoint: 769,\n                    settings: {\n                        slidesToShow: 2\n                    }\n                },\n                {\n                    breakpoint: 560,\n                    settings: {\n                        slidesToShow: 1\n                    }\n                }\n            ]\n        });\n    });\n<\/script>\n<\/div><\/div><\/div><\/div><div data-vc-full-width=\"true\" data-vc-full-width-init=\"false\" class=\"vc_row wpb_row vc_row-fluid third_bg_color vc_custom_1484890330045\"><div class=\"wpb_column vc_column_container vc_col-sm-12\"><div class=\"vc_column-inner \"><div class=\"wpb_wrapper\">\n<section class=\"vc_cta3-container\" >\n    <div class=\"vc_general vc_cta3 third_bg_color vc_cta3-style-flat vc_cta3-shape-square vc_cta3-align-left vc_cta3-color-classic vc_cta3-icon-size-md vc_cta3-actions-right vc_custom_1483614479380 style=\"\"\">\n                        <div class=\"vc_cta3_content-container\">\n                                    <div class=\"vc_cta3-content\">\n                <header class=\"vc_cta3-content-header\">\n                    <div class=\"vc_custom_heading\" ><h2 style=\"font-size: 20px;color: #000000;line-height: 24px\" class=\"consulting-custom-title\">Looking for a First-Class Business Plan Consultant?<\/h2><\/div>                                    <\/header>\n                            <\/div>\n                        <div class=\"vc_cta3-actions\"><div class=\"vc_btn3-container vc_btn3-right vc_do_btn\" ><button class=\"vc_general vc_btn3 vc_btn3-size-md vc_btn3-shape-rounded vc_btn3-style-flat vc_btn3-block vc_btn3-icon-right vc_btn3-color-theme_style_2\">get a quote <i class=\"vc_btn3-icon fa fa-chevron-right\"><\/i><\/button><\/div><\/div>        <\/div>\n                    <\/div>\n<\/section><\/div><\/div><\/div><\/div><div class=\"vc_row-full-width vc_clearfix\"><\/div>\n<\/div>","protected":false},"excerpt":{"rendered":"Mathieu EBANDA ENYEGUEAdministrateur G\u00e9n\u00e9ral Domaine d'expertise Certifi\u00e9 Banquier International (Certifield Chartered International Banker - CCIB)\u00a0 Conseiller en Investissement Financier (CIF) agr\u00e9\u00e9 par le R\u00e9gulateur des march\u00e9s financiers en Afrique Centrale (COSUMAF). Formation Ma\u00eetrise en Sciences \u00e9conomique \u00e0 l\u2019Universit\u00e9 de Yaound\u00e9 II, Option Analyse et Politique Economiques DESS de l\u2019Institut des Relations Internationales du Cameroun (IRIC)","protected":false},"author":2,"featured_media":0,"parent":0,"menu_order":0,"comment_status":"closed","ping_status":"closed","template":"","meta":{"footnotes":""},"class_list":["post-1508","page","type-page","status-publish","hentry"],"_links":{"self":[{"href":"https:\/\/www.elite-capitalgroup.com\/en\/wp-json\/wp\/v2\/pages\/1508","targetHints":{"allow":["GET"]}}],"collection":[{"href":"https:\/\/www.elite-capitalgroup.com\/en\/wp-json\/wp\/v2\/pages"}],"about":[{"href":"https:\/\/www.elite-capitalgroup.com\/en\/wp-json\/wp\/v2\/types\/page"}],"author":[{"embeddable":true,"href":"https:\/\/www.elite-capitalgroup.com\/en\/wp-json\/wp\/v2\/users\/2"}],"replies":[{"embeddable":true,"href":"https:\/\/www.elite-capitalgroup.com\/en\/wp-json\/wp\/v2\/comments?post=1508"}],"version-history":[{"count":0,"href":"https:\/\/www.elite-capitalgroup.com\/en\/wp-json\/wp\/v2\/pages\/1508\/revisions"}],"wp:attachment":[{"href":"https:\/\/www.elite-capitalgroup.com\/en\/wp-json\/wp\/v2\/media?parent=1508"}],"curies":[{"name":"wp","href":"https:\/\/api.w.org\/{rel}","templated":true}]}}