{"id":462,"date":"2016-01-08T11:28:46","date_gmt":"2016-01-08T11:28:46","guid":{"rendered":"http:\/\/consulting.stylemixthemes.com\/?page_id=462"},"modified":"2023-01-26T12:28:53","modified_gmt":"2023-01-26T12:28:53","slug":"notre-equipe","status":"publish","type":"page","link":"https:\/\/www.elite-capitalgroup.com\/en\/accueil\/notre-equipe\/","title":{"rendered":"Our team"},"content":{"rendered":"<div class=\"wpb-content-wrapper\"><div class=\"vc_row wpb_row vc_row-fluid vc_custom_1459506565899\"><div class=\"wpb_column vc_column_container vc_col-sm-12\"><div class=\"vc_column-inner\"><div class=\"wpb_wrapper\"><div class=\"vc_custom_heading vc_custom_1452247174165 text_align_left\" ><h2 style=\"text-align: left\" class=\"consulting-custom-title\">Our team<\/h2><\/div><\/div><\/div><\/div><div class=\"wpb_column vc_column_container vc_col-sm-6\"><div class=\"vc_column-inner\"><div class=\"wpb_wrapper\">\n\t<div  class=\"wpb_single_image wpb_content_element vc_align_left wpb_content_element\">\n\t\t\n\t\t<figure class=\"wpb_wrapper vc_figure\">\n\t\t\t<div class=\"vc_single_image-wrapper   vc_box_border_grey\"><img loading=\"lazy\" decoding=\"async\" width=\"1024\" height=\"683\" src=\"https:\/\/www.elite-capitalgroup.com\/wp-content\/uploads\/2023\/01\/KIK0216.jpg\" class=\"vc_single_image-img attachment-large\" alt=\"\" title=\"_KIK0216\" \/><\/div>\n\t\t<\/figure>\n\t<\/div>\n<\/div><\/div><\/div><div class=\"wpb_column vc_column_container vc_col-sm-6\" id=\"teamtxt\"><div class=\"vc_column-inner\"><div class=\"wpb_wrapper\"><div class=\"vc_empty_space\"   style=\"height: 5px\"><span class=\"vc_empty_space_inner\"><\/span><\/div>\n\t<div class=\"wpb_text_column wpb_content_element\" >\n\t\t<div class=\"wpb_wrapper\">\n\t\t\t<blockquote><p>\nWe are a team of qualified professionals, from different sectors of activity and united around a common objective: performance. The professional values that we share and which are the basis of our corporate culture, also ensure our social cohesion. Our dynamic team is ready to serve you and meet all the challenges inherent in our profession.\n<\/p><\/blockquote>\n\n\t\t<\/div>\n\t<\/div>\n<\/div><\/div><\/div><\/div>\n<\/div>","protected":false},"excerpt":{"rendered":"Notre \u00e9quipe Nous sommes une \u00e9quipe de professionnels qualifi\u00e9s, issus de diff\u00e9rents secteurs d\u2019activit\u00e9s et r\u00e9unis au tour d\u2019un objectif commun : la performance. Les valeurs professionnelles que nous partageons et qui fondent notre culture d\u2019entreprise, assurent par la m\u00eame occasion notre coh\u00e9sion sociale. Notre dynamique \u00e9quipe est dispos\u00e9e \u00e0 vous servir et \u00e0 relever","protected":false},"author":2,"featured_media":0,"parent":1071,"menu_order":0,"comment_status":"closed","ping_status":"closed","template":"","meta":{"footnotes":""},"class_list":["post-462","page","type-page","status-publish","hentry"],"_links":{"self":[{"href":"https:\/\/www.elite-capitalgroup.com\/en\/wp-json\/wp\/v2\/pages\/462","targetHints":{"allow":["GET"]}}],"collection":[{"href":"https:\/\/www.elite-capitalgroup.com\/en\/wp-json\/wp\/v2\/pages"}],"about":[{"href":"https:\/\/www.elite-capitalgroup.com\/en\/wp-json\/wp\/v2\/types\/page"}],"author":[{"embeddable":true,"href":"https:\/\/www.elite-capitalgroup.com\/en\/wp-json\/wp\/v2\/users\/2"}],"replies":[{"embeddable":true,"href":"https:\/\/www.elite-capitalgroup.com\/en\/wp-json\/wp\/v2\/comments?post=462"}],"version-history":[{"count":11,"href":"https:\/\/www.elite-capitalgroup.com\/en\/wp-json\/wp\/v2\/pages\/462\/revisions"}],"predecessor-version":[{"id":7297,"href":"https:\/\/www.elite-capitalgroup.com\/en\/wp-json\/wp\/v2\/pages\/462\/revisions\/7297"}],"up":[{"embeddable":true,"href":"https:\/\/www.elite-capitalgroup.com\/en\/wp-json\/wp\/v2\/pages\/1071"}],"wp:attachment":[{"href":"https:\/\/www.elite-capitalgroup.com\/en\/wp-json\/wp\/v2\/media?parent=462"}],"curies":[{"name":"wp","href":"https:\/\/api.w.org\/{rel}","templated":true}]}}