{"id":7383,"date":"2023-04-14T02:22:15","date_gmt":"2023-04-14T01:22:15","guid":{"rendered":"https:\/\/www.elite-capitalgroup.com\/?page_id=7383"},"modified":"2023-04-14T02:22:15","modified_gmt":"2023-04-14T01:22:15","slug":"termes-et-conditions","status":"publish","type":"page","link":"https:\/\/www.elite-capitalgroup.com\/en\/termes-et-conditions\/","title":{"rendered":"Termes et conditions"},"content":{"rendered":"<div class=\"wpb_text_column\">\n<p>Derni\u00e8re mise \u00e0 jour : 14 avril 2023<\/p>\n<p>Veuillez lire attentivement ces conditions d&rsquo;utilisation (\u00ab\u00a0Conditions\u00a0\u00bb, \u00ab\u00a0Conditions d&rsquo;utilisation\u00a0\u00bb) avant d&rsquo;utiliser le site Web https:\/\/hituse.com\/ecg (le \u00ab\u00a0Service\u00a0\u00bb) exploit\u00e9 par ELITE CAPITAL GROUP (\u00ab\u00a0nous\u00a0\u00bb, \u00ab\u00a0nous\u00a0\u00bb , ou \u00ab\u00a0notre\u00a0\u00bb).<\/p>\n<p>Votre acc\u00e8s et votre utilisation du Service sont conditionn\u00e9s par votre acceptation et votre respect des pr\u00e9sentes Conditions. Ces Conditions s&rsquo;appliquent \u00e0 tous les visiteurs, utilisateurs et autres qui acc\u00e8dent ou utilisent le Service.<\/p>\n<p>En acc\u00e9dant ou en utilisant le Service, vous acceptez d&rsquo;\u00eatre li\u00e9 par ces Conditions. Si vous n&rsquo;\u00eates pas d&rsquo;accord avec une partie des conditions, vous ne pouvez pas acc\u00e9der au service.<\/p>\n<h2>Liens vers d&rsquo;autres sites Web<\/h2>\n<p>Notre service peut contenir des liens vers des sites Web ou des services tiers qui ne sont ni d\u00e9tenus ni contr\u00f4l\u00e9s par ELITE CAPITAL GROUP.<\/p>\n<p>ELITE CAPITAL GROUP n&rsquo;a aucun contr\u00f4le sur le contenu, les politiques de confidentialit\u00e9 ou les pratiques des sites Web ou services tiers et n&rsquo;assume aucune responsabilit\u00e9 \u00e0 leur \u00e9gard. Vous reconnaissez et acceptez en outre qu&rsquo;ELITE CAPITAL GROUP ne sera pas responsable, directement ou indirectement, de tout dommage ou perte caus\u00e9 ou pr\u00e9sum\u00e9 avoir \u00e9t\u00e9 caus\u00e9 par ou en relation avec l&rsquo;utilisation ou la confiance accord\u00e9e \u00e0 ces contenus, biens ou services disponibles sur ou par l&rsquo;interm\u00e9diaire de ces sites Web ou services.<\/p>\n<p>Nous vous conseillons vivement de lire les termes et conditions et les politiques de confidentialit\u00e9 de tous les sites Web ou services tiers que vous visitez.<\/p>\n<h2>R\u00e9siliation<\/h2>\n<p>Nous pouvons r\u00e9silier ou suspendre l&rsquo;acc\u00e8s \u00e0 notre Service imm\u00e9diatement, sans pr\u00e9avis ni responsabilit\u00e9, pour quelque raison que ce soit, y compris, sans s&rsquo;y limiter, si vous enfreignez les Conditions.<\/p>\n<p>Toutes les dispositions des Conditions qui, de par leur nature, devraient survivre \u00e0 la r\u00e9siliation survivront \u00e0 la r\u00e9siliation, y compris, sans s&rsquo;y limiter, les dispositions relatives \u00e0 la propri\u00e9t\u00e9, les exclusions de garantie, l&rsquo;indemnisation et les limitations de responsabilit\u00e9.<\/p>\n<h2>Clause de non-responsabilit\u00e9<\/h2>\n<p>Votre utilisation du Service est \u00e0 vos risques et p\u00e9rils. Le Service est fourni sur une base \u00ab TEL QUEL \u00bb et \u00ab TEL QUE DISPONIBLE \u00bb. Le Service est fourni sans garantie d&rsquo;aucune sorte, expresse ou implicite, y compris, mais sans s&rsquo;y limiter, les garanties implicites de qualit\u00e9 marchande, d&rsquo;ad\u00e9quation \u00e0 un usage particulier, d&rsquo;absence de contrefa\u00e7on ou d&rsquo;ex\u00e9cution.<\/p>\n<h2>Droit applicable<\/h2>\n<p>Les pr\u00e9sentes Conditions sont r\u00e9gies et interpr\u00e9t\u00e9es conform\u00e9ment aux lois du Cameroun, sans \u00e9gard \u00e0 ses dispositions en mati\u00e8re de conflit de lois.<\/p>\n<p>Notre incapacit\u00e9 \u00e0 faire respecter un droit ou une disposition des pr\u00e9sentes Conditions ne sera pas consid\u00e9r\u00e9e comme une renonciation \u00e0 ces droits. Si une disposition des pr\u00e9sentes Conditions est jug\u00e9e invalide ou inapplicable par un tribunal, les autres dispositions des pr\u00e9sentes Conditions resteront en vigueur. Ces conditions constituent l&rsquo;int\u00e9gralit\u00e9 de l&rsquo;accord entre nous concernant notre service, et annulent et remplacent tout accord ant\u00e9rieur que nous pourrions avoir entre nous concernant le service.<\/p>\n<h2>Changements<\/h2>\n<p>Nous nous r\u00e9servons le droit, \u00e0 notre seule discr\u00e9tion, de modifier ou de remplacer ces Conditions \u00e0 tout moment. Si une r\u00e9vision est importante, nous essaierons de fournir un pr\u00e9avis d&rsquo;au moins 30 jours avant l&rsquo;entr\u00e9e en vigueur de nouvelles conditions. Ce qui constitue un changement important sera d\u00e9termin\u00e9 \u00e0 notre seule discr\u00e9tion.<\/p>\n<p>En continuant \u00e0 acc\u00e9der ou \u00e0 utiliser notre Service apr\u00e8s l&rsquo;entr\u00e9e en vigueur de ces r\u00e9visions, vous acceptez d&rsquo;\u00eatre li\u00e9 par les conditions r\u00e9vis\u00e9es. Si vous n&rsquo;acceptez pas les nouvelles conditions, veuillez cesser d&rsquo;utiliser le Service.<\/p>\n<h2>Contactez-nous<\/h2>\n<p>Si vous avez des questions sur ces conditions, veuillez nous contacter.<\/p>\n<\/div>","protected":false},"excerpt":{"rendered":"<p>Derni\u00e8re mise \u00e0 jour : 14 avril 2023 Veuillez lire attentivement ces conditions d&rsquo;utilisation (\u00ab\u00a0Conditions\u00a0\u00bb, \u00ab\u00a0Conditions d&rsquo;utilisation\u00a0\u00bb) avant d&rsquo;utiliser le site Web https:\/\/hituse.com\/ecg (le \u00ab\u00a0Service\u00a0\u00bb) exploit\u00e9 par ELITE CAPITAL GROUP (\u00ab\u00a0nous\u00a0\u00bb, \u00ab\u00a0nous\u00a0\u00bb , ou \u00ab\u00a0notre\u00a0\u00bb). Votre acc\u00e8s et votre utilisation du Service sont conditionn\u00e9s par votre acceptation et votre respect des pr\u00e9sentes Conditions. Ces Conditions<\/p>","protected":false},"author":2,"featured_media":0,"parent":0,"menu_order":0,"comment_status":"closed","ping_status":"closed","template":"","meta":{"footnotes":""},"class_list":["post-7383","page","type-page","status-publish","hentry"],"_links":{"self":[{"href":"https:\/\/www.elite-capitalgroup.com\/en\/wp-json\/wp\/v2\/pages\/7383","targetHints":{"allow":["GET"]}}],"collection":[{"href":"https:\/\/www.elite-capitalgroup.com\/en\/wp-json\/wp\/v2\/pages"}],"about":[{"href":"https:\/\/www.elite-capitalgroup.com\/en\/wp-json\/wp\/v2\/types\/page"}],"author":[{"embeddable":true,"href":"https:\/\/www.elite-capitalgroup.com\/en\/wp-json\/wp\/v2\/users\/2"}],"replies":[{"embeddable":true,"href":"https:\/\/www.elite-capitalgroup.com\/en\/wp-json\/wp\/v2\/comments?post=7383"}],"version-history":[{"count":1,"href":"https:\/\/www.elite-capitalgroup.com\/en\/wp-json\/wp\/v2\/pages\/7383\/revisions"}],"predecessor-version":[{"id":7384,"href":"https:\/\/www.elite-capitalgroup.com\/en\/wp-json\/wp\/v2\/pages\/7383\/revisions\/7384"}],"wp:attachment":[{"href":"https:\/\/www.elite-capitalgroup.com\/en\/wp-json\/wp\/v2\/media?parent=7383"}],"curies":[{"name":"wp","href":"https:\/\/api.w.org\/{rel}","templated":true}]}}